{"id":3386,"date":"2023-08-11T17:16:02","date_gmt":"2023-08-11T16:16:02","guid":{"rendered":"https:\/\/www.bembi-barcelona.com\/?page_id=3386"},"modified":"2024-05-09T23:50:13","modified_gmt":"2024-05-09T22:50:13","slug":"location","status":"publish","type":"page","link":"https:\/\/www.bembi-barcelona.com\/en\/location\/","title":{"rendered":"Location"},"content":{"rendered":"<p><div class=\"fusion-fullwidth fullwidth-box fusion-builder-row-1 contentblack hundred-percent-fullwidth non-hundred-percent-height-scrolling fusion-equal-height-columns\" style=\"--awb-background-position:left top;--awb-border-sizes-top:2px;--awb-border-sizes-bottom:2px;--awb-border-sizes-left:0px;--awb-border-sizes-right:0px;--awb-border-color:#ffffff;--awb-border-radius-top-left:0px;--awb-border-radius-top-right:0px;--awb-border-radius-bottom-right:0px;--awb-border-radius-bottom-left:0px;--awb-padding-top:0px;--awb-padding-right:0px;--awb-padding-bottom:0px;--awb-padding-left:0px;--awb-flex-wrap:wrap;\" ><div class=\"fusion-builder-row fusion-row\"><div class=\"fusion-layout-column fusion_builder_column fusion-builder-column-0 fusion_builder_column_1_2 1_2 fusion-one-half fusion-column-first\" style=\"--awb-padding-top:0px;--awb-padding-left:0px;--awb-bg-image:url(&#039;https:\/\/www.bembi-barcelona.com\/wp-content\/uploads\/2016\/10\/ubicaci\u00f3n_maps-1024x683.jpg&#039;);--awb-bg-position:center top;--awb-bg-size:cover;--awb-margin-bottom:0px;\" data-motion-effects=\"[{&quot;type&quot;:&quot;&quot;,&quot;scroll_type&quot;:&quot;transition&quot;,&quot;scroll_direction&quot;:&quot;up&quot;,&quot;transition_speed&quot;:&quot;1&quot;,&quot;fade_type&quot;:&quot;in&quot;,&quot;scale_type&quot;:&quot;up&quot;,&quot;initial_scale&quot;:&quot;1&quot;,&quot;max_scale&quot;:&quot;1.5&quot;,&quot;min_scale&quot;:&quot;0.5&quot;,&quot;initial_rotate&quot;:&quot;0&quot;,&quot;end_rotate&quot;:&quot;30&quot;,&quot;initial_blur&quot;:&quot;0&quot;,&quot;end_blur&quot;:&quot;3&quot;,&quot;start_element&quot;:&quot;top&quot;,&quot;start_viewport&quot;:&quot;bottom&quot;,&quot;end_element&quot;:&quot;bottom&quot;,&quot;end_viewport&quot;:&quot;top&quot;,&quot;mouse_effect&quot;:&quot;track&quot;,&quot;mouse_effect_direction&quot;:&quot;opposite&quot;,&quot;mouse_effect_speed&quot;:&quot;2&quot;,&quot;infinite_animation&quot;:&quot;float&quot;,&quot;infinite_animation_speed&quot;:&quot;2&quot;}]\" data-scroll-devices=\"small-visibility,medium-visibility,large-visibility\"><div class=\"fusion-column-wrapper fusion-column-has-shadow fusion-flex-column-wrapper-legacy fusion-empty-column-bg-image fusion-column-has-bg-image\" data-bg-url=\"https:\/\/www.bembi-barcelona.com\/wp-content\/uploads\/2016\/10\/ubicaci\u00f3n_maps-1024x683.jpg\"><div class=\"fusion-column-content-centered\"><div class=\"fusion-column-content\"><img class=\"fusion-empty-dims-img-placeholder\" src=\"data:image\/svg+xml,%3Csvg%20xmlns%3D%27http%3A%2F%2Fwww.w3.org%2F2000%2Fsvg%27%20width%3D%271024%27%20height%3D%27683%27%20viewBox%3D%270%200%201024%20683%27%3E%3Crect%20width%3D%271024%27%20height%3D%27683%27%20fill-opacity%3D%220%22%2F%3E%3C%2Fsvg%3E\"><\/div><\/div><div class=\"fusion-clearfix\"><\/div><\/div><\/div><div class=\"fusion-layout-column fusion_builder_column fusion-builder-column-1 fusion_builder_column_1_2 1_2 fusion-one-half fusion-column-last\" style=\"--awb-padding-top:9%;--awb-padding-right:9%;--awb-padding-bottom:9%;--awb-padding-left:9%;--awb-bg-color:#ffffff;--awb-bg-color-hover:#ffffff;--awb-bg-size:cover;--awb-margin-bottom:0px;\"><div class=\"fusion-column-wrapper fusion-flex-column-wrapper-legacy\"><div class=\"fusion-column-content-centered\"><div class=\"fusion-column-content\"><div class=\"fusion-text fusion-text-1\"><h2 style=\"color: black; text-align: center; margin-bottom: 10px;\">How to get to the Restaurant<\/h2>\n<\/div><div class=\"fusion-text fusion-text-2\"><p>Bemb\u00ec Restaurant is located in Barcelona,<br \/>at the 377 of Consell de Cent, between Roger de Lluria and Bruc.<br \/><a href=\"https:\/\/goo.gl\/maps\/NiQ5BqCAypR2\" target=\"_blank\" rel=\"noopener\">google maps<\/a><\/p>\n<p>Underground stops:<br \/>line L4, Girona<br \/>line L3, Passeig de Gr\u00e0cia<\/p>\n<p>There are several parkings near the restaurant:<br \/>one is located on Diputaci\u00f3 street corner with Roger de Lluria, and the other is on carrer Arag\u00f3 corner with Bruc.<\/p>\n<p><strong>Our kitchen is open:<\/strong><\/p>\n<p>From Tuesday to Thursday<br \/><span class=\"s1\">from 1pm to 3:45h and form 8pm to 11pm<\/span><\/p>\n<p><span class=\"s1\">Friday and Saturday<br \/>from 1pm to 3:45pm and from 8pm to 11:30pm<\/span><\/p>\n<p class=\"p1\"><span class=\"s1\">Sunday only for lunch 1pm-4pm<\/span><\/p>\n<p class=\"p1\"><span class=\"s1\">Monday closed.<\/span><\/p>\n<\/div><\/div><\/div><div class=\"fusion-clearfix\"><\/div><\/div><\/div><\/div><\/div><div class=\"fusion-fullwidth fullwidth-box fusion-builder-row-2 contentblack hundred-percent-fullwidth non-hundred-percent-height-scrolling fusion-equal-height-columns\" style=\"--awb-background-position:left top;--awb-border-sizes-top:2px;--awb-border-sizes-bottom:2px;--awb-border-sizes-left:0px;--awb-border-sizes-right:0px;--awb-border-color:#ffffff;--awb-border-radius-top-left:0px;--awb-border-radius-top-right:0px;--awb-border-radius-bottom-right:0px;--awb-border-radius-bottom-left:0px;--awb-padding-top:0px;--awb-padding-right:0px;--awb-padding-bottom:0px;--awb-padding-left:0px;--awb-flex-wrap:wrap;\" ><div class=\"fusion-builder-row fusion-row\"><div class=\"fusion-layout-column fusion_builder_column fusion-builder-column-2 fusion_builder_column_1_2 1_2 fusion-one-half fusion-column-first\" style=\"--awb-padding-top:9%;--awb-padding-right:9%;--awb-padding-bottom:9%;--awb-padding-left:9%;--awb-bg-color:#ffffff;--awb-bg-color-hover:#ffffff;--awb-bg-size:cover;--awb-margin-bottom:0px;\"><div class=\"fusion-column-wrapper fusion-flex-column-wrapper-legacy\"><div class=\"fusion-column-content-centered\"><div class=\"fusion-column-content\"><div class=\"fusion-text fusion-text-3\"><h2 style=\"color: black; text-align: center; margin-bottom: 10px;\">Barcelona<\/h2>\n<\/div><div class=\"fusion-text fusion-text-4\"><p>Bemb\u00ec is located in the commercial heart of Barcelona, Eixample Derecho, a district born from the innovative expansion of the old medieval city carried out by Ildefons Cerd\u00e1, who urbanized what until then were large avenues with noble palaces such as Casa Mil\u00e0, the famous \u201cPedrera\u201d which is located just four blocks from the restaurant.<\/p>\n<p>In the Ensanche district are some of the best-known streets in Barcelona, such as Paseo de Gracia, where high fashion brands rub shoulders in the most expensive kilometer of the city, Rambla de Catalu\u00f1a, Plaza de Catalu\u00f1a, Avenida Diagonal, Arag\u00f3n Street, Gran V\u00eda de las Cortes Catalanas, Paseo de San Juan or the Plaza de la Sagrada Familia where the famous Basilica of the Sagrada Familia stands.<\/p>\n<p>Other buildings of tourist interest in this area of the city are the Casa Batll\u00f3 and the Casa de les Punxes.<\/p>\n<\/div><\/div><\/div><div class=\"fusion-clearfix\"><\/div><\/div><\/div><div class=\"fusion-layout-column fusion_builder_column fusion-builder-column-3 fusion_builder_column_1_2 1_2 fusion-one-half fusion-column-last\" style=\"--awb-padding-top:0px;--awb-padding-left:0px;--awb-bg-image:url(&#039;https:\/\/www.bembi-barcelona.com\/wp-content\/uploads\/2016\/10\/ubicacion_barcelona-1024x683.jpg&#039;);--awb-bg-position:center top;--awb-bg-size:cover;--awb-margin-bottom:0px;\" data-motion-effects=\"[{&quot;type&quot;:&quot;&quot;,&quot;scroll_type&quot;:&quot;transition&quot;,&quot;scroll_direction&quot;:&quot;up&quot;,&quot;transition_speed&quot;:&quot;1&quot;,&quot;fade_type&quot;:&quot;in&quot;,&quot;scale_type&quot;:&quot;up&quot;,&quot;initial_scale&quot;:&quot;1&quot;,&quot;max_scale&quot;:&quot;1.5&quot;,&quot;min_scale&quot;:&quot;0.5&quot;,&quot;initial_rotate&quot;:&quot;0&quot;,&quot;end_rotate&quot;:&quot;30&quot;,&quot;initial_blur&quot;:&quot;0&quot;,&quot;end_blur&quot;:&quot;3&quot;,&quot;start_element&quot;:&quot;top&quot;,&quot;start_viewport&quot;:&quot;bottom&quot;,&quot;end_element&quot;:&quot;bottom&quot;,&quot;end_viewport&quot;:&quot;top&quot;,&quot;mouse_effect&quot;:&quot;track&quot;,&quot;mouse_effect_direction&quot;:&quot;opposite&quot;,&quot;mouse_effect_speed&quot;:&quot;2&quot;,&quot;infinite_animation&quot;:&quot;float&quot;,&quot;infinite_animation_speed&quot;:&quot;2&quot;}]\" data-scroll-devices=\"small-visibility,medium-visibility,large-visibility\"><div class=\"fusion-column-wrapper fusion-column-has-shadow fusion-flex-column-wrapper-legacy fusion-empty-column-bg-image fusion-column-has-bg-image\" data-bg-url=\"https:\/\/www.bembi-barcelona.com\/wp-content\/uploads\/2016\/10\/ubicacion_barcelona-1024x683.jpg\"><div class=\"fusion-column-content-centered\"><div class=\"fusion-column-content\"><img class=\"fusion-empty-dims-img-placeholder\" src=\"data:image\/svg+xml,%3Csvg%20xmlns%3D%27http%3A%2F%2Fwww.w3.org%2F2000%2Fsvg%27%20width%3D%271024%27%20height%3D%27683%27%20viewBox%3D%270%200%201024%20683%27%3E%3Crect%20width%3D%271024%27%20height%3D%27683%27%20fill-opacity%3D%220%22%2F%3E%3C%2Fsvg%3E\"><\/div><\/div><div class=\"fusion-clearfix\"><\/div><\/div><\/div><\/div><\/div><div class=\"fusion-fullwidth fullwidth-box fusion-builder-row-3 hundred-percent-fullwidth non-hundred-percent-height-scrolling fusion-equal-height-columns\" style=\"--awb-background-position:left top;--awb-border-sizes-top:2px;--awb-border-sizes-bottom:2px;--awb-border-sizes-left:0px;--awb-border-sizes-right:0px;--awb-border-color:#ffffff;--awb-border-radius-top-left:0px;--awb-border-radius-top-right:0px;--awb-border-radius-bottom-right:0px;--awb-border-radius-bottom-left:0px;--awb-padding-right:0px;--awb-padding-bottom:0px;--awb-padding-left:0px;--awb-background-color:#ffffff;--awb-flex-wrap:wrap;\" ><div class=\"fusion-builder-row fusion-row\"><div class=\"fusion-layout-column fusion_builder_column fusion-builder-column-4 fusion_builder_column_1_1 1_1 fusion-one-full fusion-column-first fusion-column-last\" style=\"--awb-padding-top:9%;--awb-padding-right:9%;--awb-padding-bottom:9%;--awb-padding-left:9%;--awb-bg-color:#c59542;--awb-bg-color-hover:#c59542;--awb-bg-image:url(&#039;http:\/\/www.bembi-barcelona.com\/wp-content\/uploads\/2016\/06\/call_to_action_4.jpg&#039;);--awb-bg-position:center bottom;--awb-bg-size:cover;--awb-margin-bottom:0px;\"><div class=\"fusion-column-wrapper fusion-flex-column-wrapper-legacy fusion-column-has-bg-image\" data-bg-url=\"http:\/\/www.bembi-barcelona.com\/wp-content\/uploads\/2016\/06\/call_to_action_4.jpg\"><div class=\"fusion-column-content-centered\"><div class=\"fusion-column-content\"><div class=\"fusion-text fusion-text-5\"><h2 style=\"text-align: center; margin-bottom: 1px;\">Come try it!<\/h2>\n<p style=\"text-align: center; margin-bottom: 40px; font-size: 22px; color: #ffffff; font-weight: 500;\">Bemb\u00ec Experience<\/p>\n<\/div><div class=\"fusion-aligncenter\"><a class=\"fusion-button button-flat button-large button-custom fusion-button-default button-1 fusion-button-default-span fusion-button-default-type fusion-animated\" style=\"--button_accent_color:#ffffff;--button_border_color:#ffffff;--button_accent_hover_color:#ffffff;--button_border_hover_color:#ffffff;--button_border_width-top:1px;--button_border_width-right:1px;--button_border_width-bottom:1px;--button_border_width-left:1px;--button_gradient_top_color:transparent;--button_gradient_bottom_color:transparent;--button_gradient_top_color_hover:transparent;--button_gradient_bottom_color_hover:transparent;\" data-animationType=\"fadeInUp\" data-animationDuration=\"1\" data-animationOffset=\"top-into-view\" target=\"_blank\" rel=\"noopener noreferrer\" href=\"https:\/\/www.bembi-barcelona.com\/en\/reservations\/\"><span class=\"fusion-button-text\">BOOK NOW<\/span><\/a><\/div><\/div><\/div><div class=\"fusion-clearfix\"><\/div><\/div><\/div><\/div><\/div><\/p>\n","protected":false},"excerpt":{"rendered":"","protected":false},"author":2,"featured_media":0,"parent":0,"menu_order":0,"comment_status":"closed","ping_status":"closed","template":"100-width.php","meta":[],"yoast_head":"<!-- This site is optimized with the Yoast SEO plugin v20.12 - https:\/\/yoast.com\/wordpress\/plugins\/seo\/ -->\n<title>Location - Bembi<\/title>\n<meta name=\"robots\" content=\"index, follow, max-snippet:-1, max-image-preview:large, max-video-preview:-1\" \/>\n<link rel=\"canonical\" href=\"https:\/\/www.bembi-barcelona.com\/en\/location\/\" \/>\n<meta property=\"og:locale\" content=\"en_US\" \/>\n<meta property=\"og:type\" content=\"article\" \/>\n<meta property=\"og:title\" content=\"Location - Bembi\" \/>\n<meta property=\"og:url\" content=\"https:\/\/www.bembi-barcelona.com\/en\/location\/\" \/>\n<meta property=\"og:site_name\" content=\"Bembi\" \/>\n<meta property=\"article:modified_time\" content=\"2024-05-09T22:50:13+00:00\" \/>\n<meta name=\"twitter:card\" content=\"summary_large_image\" \/>\n<script type=\"application\/ld+json\" class=\"yoast-schema-graph\">{\"@context\":\"https:\/\/schema.org\",\"@graph\":[{\"@type\":\"WebPage\",\"@id\":\"https:\/\/www.bembi-barcelona.com\/en\/location\/\",\"url\":\"https:\/\/www.bembi-barcelona.com\/en\/location\/\",\"name\":\"Location - Bembi\",\"isPartOf\":{\"@id\":\"https:\/\/www.bembi-barcelona.com\/#website\"},\"datePublished\":\"2023-08-11T16:16:02+00:00\",\"dateModified\":\"2024-05-09T22:50:13+00:00\",\"breadcrumb\":{\"@id\":\"https:\/\/www.bembi-barcelona.com\/en\/location\/#breadcrumb\"},\"inLanguage\":\"en-US\",\"potentialAction\":[{\"@type\":\"ReadAction\",\"target\":[\"https:\/\/www.bembi-barcelona.com\/en\/location\/\"]}]},{\"@type\":\"BreadcrumbList\",\"@id\":\"https:\/\/www.bembi-barcelona.com\/en\/location\/#breadcrumb\",\"itemListElement\":[{\"@type\":\"ListItem\",\"position\":1,\"name\":\"Portada\",\"item\":\"https:\/\/www.bembi-barcelona.com\/en\/\"},{\"@type\":\"ListItem\",\"position\":2,\"name\":\"Location\"}]},{\"@type\":\"WebSite\",\"@id\":\"https:\/\/www.bembi-barcelona.com\/#website\",\"url\":\"https:\/\/www.bembi-barcelona.com\/\",\"name\":\"Bembi\",\"description\":\"Restaurante de comida India en Barcelona\",\"publisher\":{\"@id\":\"https:\/\/www.bembi-barcelona.com\/#organization\"},\"potentialAction\":[{\"@type\":\"SearchAction\",\"target\":{\"@type\":\"EntryPoint\",\"urlTemplate\":\"https:\/\/www.bembi-barcelona.com\/?s={search_term_string}\"},\"query-input\":\"required name=search_term_string\"}],\"inLanguage\":\"en-US\"},{\"@type\":\"Organization\",\"@id\":\"https:\/\/www.bembi-barcelona.com\/#organization\",\"name\":\"Restaurante Bembi\",\"url\":\"https:\/\/www.bembi-barcelona.com\/\",\"logo\":{\"@type\":\"ImageObject\",\"inLanguage\":\"en-US\",\"@id\":\"https:\/\/www.bembi-barcelona.com\/#\/schema\/logo\/image\/\",\"url\":\"https:\/\/www.bembi-barcelona.com\/wp-content\/uploads\/2020\/04\/logo_Bembi_2016.jpg\",\"contentUrl\":\"https:\/\/www.bembi-barcelona.com\/wp-content\/uploads\/2020\/04\/logo_Bembi_2016.jpg\",\"width\":1500,\"height\":1012,\"caption\":\"Restaurante Bembi\"},\"image\":{\"@id\":\"https:\/\/www.bembi-barcelona.com\/#\/schema\/logo\/image\/\"}}]}<\/script>\n<!-- \/ Yoast SEO plugin. -->","yoast_head_json":{"title":"Location - Bembi","robots":{"index":"index","follow":"follow","max-snippet":"max-snippet:-1","max-image-preview":"max-image-preview:large","max-video-preview":"max-video-preview:-1"},"canonical":"https:\/\/www.bembi-barcelona.com\/en\/location\/","og_locale":"en_US","og_type":"article","og_title":"Location - Bembi","og_url":"https:\/\/www.bembi-barcelona.com\/en\/location\/","og_site_name":"Bembi","article_modified_time":"2024-05-09T22:50:13+00:00","twitter_card":"summary_large_image","schema":{"@context":"https:\/\/schema.org","@graph":[{"@type":"WebPage","@id":"https:\/\/www.bembi-barcelona.com\/en\/location\/","url":"https:\/\/www.bembi-barcelona.com\/en\/location\/","name":"Location - Bembi","isPartOf":{"@id":"https:\/\/www.bembi-barcelona.com\/#website"},"datePublished":"2023-08-11T16:16:02+00:00","dateModified":"2024-05-09T22:50:13+00:00","breadcrumb":{"@id":"https:\/\/www.bembi-barcelona.com\/en\/location\/#breadcrumb"},"inLanguage":"en-US","potentialAction":[{"@type":"ReadAction","target":["https:\/\/www.bembi-barcelona.com\/en\/location\/"]}]},{"@type":"BreadcrumbList","@id":"https:\/\/www.bembi-barcelona.com\/en\/location\/#breadcrumb","itemListElement":[{"@type":"ListItem","position":1,"name":"Portada","item":"https:\/\/www.bembi-barcelona.com\/en\/"},{"@type":"ListItem","position":2,"name":"Location"}]},{"@type":"WebSite","@id":"https:\/\/www.bembi-barcelona.com\/#website","url":"https:\/\/www.bembi-barcelona.com\/","name":"Bembi","description":"Restaurante de comida India en Barcelona","publisher":{"@id":"https:\/\/www.bembi-barcelona.com\/#organization"},"potentialAction":[{"@type":"SearchAction","target":{"@type":"EntryPoint","urlTemplate":"https:\/\/www.bembi-barcelona.com\/?s={search_term_string}"},"query-input":"required name=search_term_string"}],"inLanguage":"en-US"},{"@type":"Organization","@id":"https:\/\/www.bembi-barcelona.com\/#organization","name":"Restaurante Bembi","url":"https:\/\/www.bembi-barcelona.com\/","logo":{"@type":"ImageObject","inLanguage":"en-US","@id":"https:\/\/www.bembi-barcelona.com\/#\/schema\/logo\/image\/","url":"https:\/\/www.bembi-barcelona.com\/wp-content\/uploads\/2020\/04\/logo_Bembi_2016.jpg","contentUrl":"https:\/\/www.bembi-barcelona.com\/wp-content\/uploads\/2020\/04\/logo_Bembi_2016.jpg","width":1500,"height":1012,"caption":"Restaurante Bembi"},"image":{"@id":"https:\/\/www.bembi-barcelona.com\/#\/schema\/logo\/image\/"}}]}},"_links":{"self":[{"href":"https:\/\/www.bembi-barcelona.com\/en\/wp-json\/wp\/v2\/pages\/3386"}],"collection":[{"href":"https:\/\/www.bembi-barcelona.com\/en\/wp-json\/wp\/v2\/pages"}],"about":[{"href":"https:\/\/www.bembi-barcelona.com\/en\/wp-json\/wp\/v2\/types\/page"}],"author":[{"embeddable":true,"href":"https:\/\/www.bembi-barcelona.com\/en\/wp-json\/wp\/v2\/users\/2"}],"replies":[{"embeddable":true,"href":"https:\/\/www.bembi-barcelona.com\/en\/wp-json\/wp\/v2\/comments?post=3386"}],"version-history":[{"count":1,"href":"https:\/\/www.bembi-barcelona.com\/en\/wp-json\/wp\/v2\/pages\/3386\/revisions"}],"predecessor-version":[{"id":3387,"href":"https:\/\/www.bembi-barcelona.com\/en\/wp-json\/wp\/v2\/pages\/3386\/revisions\/3387"}],"wp:attachment":[{"href":"https:\/\/www.bembi-barcelona.com\/en\/wp-json\/wp\/v2\/media?parent=3386"}],"curies":[{"name":"wp","href":"https:\/\/api.w.org\/{rel}","templated":true}]}}