{"id":3350,"date":"2018-03-06T18:36:07","date_gmt":"2018-03-06T17:36:07","guid":{"rendered":"https:\/\/www.bembi-barcelona.com\/?page_id=3350"},"modified":"2024-05-09T23:10:43","modified_gmt":"2024-05-09T22:10:43","slug":"indian-cuisine-for-europeans","status":"publish","type":"page","link":"https:\/\/www.bembi-barcelona.com\/en\/indian-cuisine-for-europeans\/","title":{"rendered":"Indian Cuisine for Europeans"},"content":{"rendered":"<p><div class=\"fusion-fullwidth fullwidth-box fusion-builder-row-1 contentblack hundred-percent-fullwidth non-hundred-percent-height-scrolling fusion-equal-height-columns\" style=\"--awb-background-position:left top;--awb-border-sizes-top:2px;--awb-border-sizes-bottom:2px;--awb-border-sizes-left:0px;--awb-border-sizes-right:0px;--awb-border-color:#ffffff;--awb-border-radius-top-left:0px;--awb-border-radius-top-right:0px;--awb-border-radius-bottom-right:0px;--awb-border-radius-bottom-left:0px;--awb-padding-top:0px;--awb-padding-right:0px;--awb-padding-bottom:0px;--awb-padding-left:0px;--awb-flex-wrap:wrap;\" ><div class=\"fusion-builder-row fusion-row\"><div class=\"fusion-layout-column fusion_builder_column fusion-builder-column-0 fusion_builder_column_1_2 1_2 fusion-one-half fusion-column-first\" style=\"--awb-padding-top:9%;--awb-padding-right:9%;--awb-padding-bottom:9%;--awb-padding-left:9%;--awb-bg-color:#ffffff;--awb-bg-color-hover:#ffffff;--awb-bg-size:cover;--awb-margin-bottom:0px;\"><div class=\"fusion-column-wrapper fusion-flex-column-wrapper-legacy\"><div class=\"fusion-column-content-centered\"><div class=\"fusion-column-content\"><div class=\"fusion-text fusion-text-1\"><h2 style=\"color: black; text-align: center; margin-bottom: 10px;\">Make Bemb\u00ec recipes at home<\/h2>\n<p style=\"color: black; text-align: center; letter-spacing: 4px;\">with our Chef&#8217;s book<\/p>\n<\/div><div class=\"fusion-text fusion-text-2\"><p>Anand Negi, responsible for the menu at the Bemb\u00ec and Rangoli restaurants, has published the book &#8220;<em>Cocina India para Occidentales<\/em>&#8221; with more than 100 recipes for dishes that can be made at home such as rice, curries, chutneys, chaats, dals, tandooris, masalas, desserts&#8230; all with the attractive, vibrant and modern touch that characterizes our chef.<\/p>\n<p>Algunos de \u00e9stos platos est\u00e1n incluidos en la carta de nuestros restaurantes y se pueden degustar en su versi\u00f3n profesional.<\/p>\n<\/div><\/div><\/div><div class=\"fusion-clearfix\"><\/div><\/div><\/div><div class=\"fusion-layout-column fusion_builder_column fusion-builder-column-1 fusion_builder_column_1_2 1_2 fusion-one-half fusion-column-last\" style=\"--awb-bg-position:center top;--awb-bg-size:cover;--awb-margin-bottom:0px;\"><div class=\"fusion-column-wrapper fusion-flex-column-wrapper-legacy\"><div class=\"fusion-image-element in-legacy-container\" style=\"--awb-caption-title-font-family:var(--h2_typography-font-family);--awb-caption-title-font-weight:var(--h2_typography-font-weight);--awb-caption-title-font-style:var(--h2_typography-font-style);--awb-caption-title-size:var(--h2_typography-font-size);--awb-caption-title-transform:var(--h2_typography-text-transform);--awb-caption-title-line-height:var(--h2_typography-line-height);--awb-caption-title-letter-spacing:var(--h2_typography-letter-spacing);\"><span class=\" fusion-imageframe imageframe-none imageframe-1 hover-type-none\"><img decoding=\"async\" src=\"http:\/\/www.bembi-barcelona.com\/wp-content\/uploads\/2018\/03\/interior_libro_Anand_Negi-1.jpg\" alt class=\"img-responsive\"\/><\/span><\/div><div class=\"fusion-clearfix\"><\/div><\/div><\/div><\/div><\/div><div class=\"fusion-fullwidth fullwidth-box fusion-builder-row-2 contentblack hundred-percent-fullwidth non-hundred-percent-height-scrolling fusion-equal-height-columns\" style=\"--awb-background-position:left top;--awb-border-sizes-top:2px;--awb-border-sizes-bottom:2px;--awb-border-sizes-left:0px;--awb-border-sizes-right:0px;--awb-border-color:#ffffff;--awb-border-radius-top-left:0px;--awb-border-radius-top-right:0px;--awb-border-radius-bottom-right:0px;--awb-border-radius-bottom-left:0px;--awb-padding-top:0px;--awb-padding-right:0px;--awb-padding-bottom:0px;--awb-padding-left:0px;--awb-flex-wrap:wrap;\" ><div class=\"fusion-builder-row fusion-row\"><div class=\"fusion-layout-column fusion_builder_column fusion-builder-column-2 fusion_builder_column_1_2 1_2 fusion-one-half fusion-column-first\" style=\"--awb-bg-position:center top;--awb-bg-size:cover;--awb-margin-bottom:0px;\"><div class=\"fusion-column-wrapper fusion-flex-column-wrapper-legacy\"><div class=\"fusion-image-element in-legacy-container\" style=\"--awb-caption-title-font-family:var(--h2_typography-font-family);--awb-caption-title-font-weight:var(--h2_typography-font-weight);--awb-caption-title-font-style:var(--h2_typography-font-style);--awb-caption-title-size:var(--h2_typography-font-size);--awb-caption-title-transform:var(--h2_typography-text-transform);--awb-caption-title-line-height:var(--h2_typography-line-height);--awb-caption-title-letter-spacing:var(--h2_typography-letter-spacing);\"><span class=\" fusion-imageframe imageframe-none imageframe-2 hover-type-none\"><img decoding=\"async\" src=\"http:\/\/www.bembi-barcelona.com\/wp-content\/uploads\/2018\/03\/portada_libro_Anand_Negi.jpg\" alt class=\"img-responsive\"\/><\/span><\/div><div class=\"fusion-clearfix\"><\/div><\/div><\/div><div class=\"fusion-layout-column fusion_builder_column fusion-builder-column-3 fusion_builder_column_1_2 1_2 fusion-one-half fusion-column-last\" style=\"--awb-padding-top:9%;--awb-padding-right:9%;--awb-padding-bottom:9%;--awb-padding-left:9%;--awb-bg-color:#ffffff;--awb-bg-color-hover:#ffffff;--awb-bg-size:cover;--awb-margin-bottom:0px;\"><div class=\"fusion-column-wrapper fusion-flex-column-wrapper-legacy\"><div class=\"fusion-column-content-centered\"><div class=\"fusion-column-content\"><div class=\"fusion-text fusion-text-3\"><h2 style=\"color: black; text-align: center; margin-bottom: 10px;\">The book &#8220;Cocina India para Occidentales&#8221;<\/h2>\n<p style=\"color: black; text-align: center; letter-spacing: 4px;\">by Anand Singh Negi<\/p>\n<\/div><div class=\"fusion-text fusion-text-4\"><p>The book contains more than 100 recipes explained step by step. And also:<\/p>\n<p>All the Indian cooking ingredients and utensils you need<\/p>\n<p>Chef&#8217;s secrets and tricks to surprise your guests<\/p>\n<p>How to organize an Indian evening: music, decoration, customs&#8230;<\/p>\n<p>Practical information with a glossary of ingredients and a complete list of establishments and addresses to find them the first time.<\/p>\n<p>The book is published by Oceano-Ambar and is for sale in our restaurants Bemb\u00ec and Rangoli, at <a href=\"https:\/\/www.casadellibro.com\/libro-cocina-india-para-occidentales\/9788475566627\/1696407?gclid=Cj0KCQjw6PGxBhCVARIsAIumnWa0I3nc3JUemJR_QZbfKTnIyhwO0HjL4D6QIeWSTY9N5LwhomV2BBUaAmtDEALw_wcB\" target=\"_blank\" rel=\"noopener\">Casa del Libro<\/a> and on <a href=\"https:\/\/www.amazon.es\/Cocina-india-para-occidentales-sorprender\/dp\/8475566626\/ref=sr_1_1?ie=UTF8&amp;qid=1522067087&amp;sr=8-1&amp;keywords=anand+negi\" target=\"_blank\" rel=\"noopener\">Amazon<\/a>.<\/p>\n<\/div><\/div><\/div><div class=\"fusion-clearfix\"><\/div><\/div><\/div><\/div><\/div><div class=\"fusion-fullwidth fullwidth-box fusion-builder-row-3 hundred-percent-fullwidth non-hundred-percent-height-scrolling fusion-equal-height-columns\" style=\"--awb-background-position:left top;--awb-border-sizes-top:2px;--awb-border-sizes-bottom:2px;--awb-border-sizes-left:0px;--awb-border-sizes-right:0px;--awb-border-color:#ffffff;--awb-border-radius-top-left:0px;--awb-border-radius-top-right:0px;--awb-border-radius-bottom-right:0px;--awb-border-radius-bottom-left:0px;--awb-padding-right:0px;--awb-padding-bottom:0px;--awb-padding-left:0px;--awb-background-color:#ffffff;--awb-flex-wrap:wrap;\" ><div class=\"fusion-builder-row fusion-row\"><div class=\"fusion-layout-column fusion_builder_column fusion-builder-column-4 fusion_builder_column_1_1 1_1 fusion-one-full fusion-column-first fusion-column-last\" style=\"--awb-padding-top:9%;--awb-padding-right:9%;--awb-padding-bottom:9%;--awb-padding-left:9%;--awb-bg-color:#c59542;--awb-bg-color-hover:#c59542;--awb-bg-image:url(&#039;http:\/\/www.bembi-barcelona.com\/wp-content\/uploads\/2016\/06\/call_to_action_4.jpg&#039;);--awb-bg-position:center bottom;--awb-bg-size:cover;--awb-margin-bottom:0px;\"><div class=\"fusion-column-wrapper fusion-flex-column-wrapper-legacy fusion-column-has-bg-image\" data-bg-url=\"http:\/\/www.bembi-barcelona.com\/wp-content\/uploads\/2016\/06\/call_to_action_4.jpg\"><div class=\"fusion-column-content-centered\"><div class=\"fusion-column-content\"><div class=\"fusion-text fusion-text-5\"><h2 style=\"text-align: center; margin-bottom: 1px;\">Come try it!<\/h2>\n<p style=\"text-align: center; margin-bottom: 40px; font-size: 22px; color: #ffffff; font-weight: 500;\">Bemb\u00ec Experience<\/p>\n<\/div><div class=\"fusion-aligncenter\"><a class=\"fusion-button button-flat button-large button-custom fusion-button-default button-1 fusion-button-default-span fusion-button-default-type fusion-animated\" style=\"--button_accent_color:#ffffff;--button_border_color:#ffffff;--button_accent_hover_color:#ffffff;--button_border_hover_color:#ffffff;--button_border_width-top:1px;--button_border_width-right:1px;--button_border_width-bottom:1px;--button_border_width-left:1px;--button_gradient_top_color:transparent;--button_gradient_bottom_color:transparent;--button_gradient_top_color_hover:transparent;--button_gradient_bottom_color_hover:transparent;\" data-animationType=\"fadeInUp\" data-animationDuration=\"1\" data-animationOffset=\"top-into-view\" target=\"_blank\" rel=\"noopener noreferrer\" href=\"https:\/\/www.bembi-barcelona.com\/en\/reservations\/\"><span class=\"fusion-button-text\">BOOK NOW<\/span><\/a><\/div><\/div><\/div><div class=\"fusion-clearfix\"><\/div><\/div><\/div><\/div><\/div><\/p>\n","protected":false},"excerpt":{"rendered":"","protected":false},"author":2,"featured_media":0,"parent":0,"menu_order":0,"comment_status":"closed","ping_status":"closed","template":"100-width.php","meta":[],"yoast_head":"<!-- This site is optimized with the Yoast SEO plugin v20.12 - https:\/\/yoast.com\/wordpress\/plugins\/seo\/ -->\n<title>Indian Cuisine for Europeans - Bembi<\/title>\n<meta name=\"robots\" content=\"index, follow, max-snippet:-1, max-image-preview:large, max-video-preview:-1\" \/>\n<link rel=\"canonical\" href=\"https:\/\/www.bembi-barcelona.com\/en\/indian-cuisine-for-europeans\/\" \/>\n<meta property=\"og:locale\" content=\"en_US\" \/>\n<meta property=\"og:type\" content=\"article\" \/>\n<meta property=\"og:title\" content=\"Indian Cuisine for Europeans - Bembi\" \/>\n<meta property=\"og:url\" content=\"https:\/\/www.bembi-barcelona.com\/en\/indian-cuisine-for-europeans\/\" \/>\n<meta property=\"og:site_name\" content=\"Bembi\" \/>\n<meta property=\"article:modified_time\" content=\"2024-05-09T22:10:43+00:00\" \/>\n<meta property=\"og:image\" content=\"http:\/\/www.bembi-barcelona.com\/wp-content\/uploads\/2018\/03\/interior_libro_Anand_Negi-1.jpg\" \/>\n<meta name=\"twitter:card\" content=\"summary_large_image\" \/>\n<meta name=\"twitter:label1\" content=\"Est. reading time\" \/>\n\t<meta name=\"twitter:data1\" content=\"4 minutes\" \/>\n<script type=\"application\/ld+json\" class=\"yoast-schema-graph\">{\"@context\":\"https:\/\/schema.org\",\"@graph\":[{\"@type\":\"WebPage\",\"@id\":\"https:\/\/www.bembi-barcelona.com\/en\/indian-cuisine-for-europeans\/\",\"url\":\"https:\/\/www.bembi-barcelona.com\/en\/indian-cuisine-for-europeans\/\",\"name\":\"Indian Cuisine for Europeans - Bembi\",\"isPartOf\":{\"@id\":\"https:\/\/www.bembi-barcelona.com\/#website\"},\"datePublished\":\"2018-03-06T17:36:07+00:00\",\"dateModified\":\"2024-05-09T22:10:43+00:00\",\"breadcrumb\":{\"@id\":\"https:\/\/www.bembi-barcelona.com\/en\/indian-cuisine-for-europeans\/#breadcrumb\"},\"inLanguage\":\"en-US\",\"potentialAction\":[{\"@type\":\"ReadAction\",\"target\":[\"https:\/\/www.bembi-barcelona.com\/en\/indian-cuisine-for-europeans\/\"]}]},{\"@type\":\"BreadcrumbList\",\"@id\":\"https:\/\/www.bembi-barcelona.com\/en\/indian-cuisine-for-europeans\/#breadcrumb\",\"itemListElement\":[{\"@type\":\"ListItem\",\"position\":1,\"name\":\"Portada\",\"item\":\"https:\/\/www.bembi-barcelona.com\/en\/\"},{\"@type\":\"ListItem\",\"position\":2,\"name\":\"Indian Cuisine for Europeans\"}]},{\"@type\":\"WebSite\",\"@id\":\"https:\/\/www.bembi-barcelona.com\/#website\",\"url\":\"https:\/\/www.bembi-barcelona.com\/\",\"name\":\"Bembi\",\"description\":\"Restaurante de comida India en Barcelona\",\"publisher\":{\"@id\":\"https:\/\/www.bembi-barcelona.com\/#organization\"},\"potentialAction\":[{\"@type\":\"SearchAction\",\"target\":{\"@type\":\"EntryPoint\",\"urlTemplate\":\"https:\/\/www.bembi-barcelona.com\/?s={search_term_string}\"},\"query-input\":\"required name=search_term_string\"}],\"inLanguage\":\"en-US\"},{\"@type\":\"Organization\",\"@id\":\"https:\/\/www.bembi-barcelona.com\/#organization\",\"name\":\"Restaurante Bembi\",\"url\":\"https:\/\/www.bembi-barcelona.com\/\",\"logo\":{\"@type\":\"ImageObject\",\"inLanguage\":\"en-US\",\"@id\":\"https:\/\/www.bembi-barcelona.com\/#\/schema\/logo\/image\/\",\"url\":\"https:\/\/www.bembi-barcelona.com\/wp-content\/uploads\/2020\/04\/logo_Bembi_2016.jpg\",\"contentUrl\":\"https:\/\/www.bembi-barcelona.com\/wp-content\/uploads\/2020\/04\/logo_Bembi_2016.jpg\",\"width\":1500,\"height\":1012,\"caption\":\"Restaurante Bembi\"},\"image\":{\"@id\":\"https:\/\/www.bembi-barcelona.com\/#\/schema\/logo\/image\/\"}}]}<\/script>\n<!-- \/ Yoast SEO plugin. -->","yoast_head_json":{"title":"Indian Cuisine for Europeans - Bembi","robots":{"index":"index","follow":"follow","max-snippet":"max-snippet:-1","max-image-preview":"max-image-preview:large","max-video-preview":"max-video-preview:-1"},"canonical":"https:\/\/www.bembi-barcelona.com\/en\/indian-cuisine-for-europeans\/","og_locale":"en_US","og_type":"article","og_title":"Indian Cuisine for Europeans - Bembi","og_url":"https:\/\/www.bembi-barcelona.com\/en\/indian-cuisine-for-europeans\/","og_site_name":"Bembi","article_modified_time":"2024-05-09T22:10:43+00:00","og_image":[{"url":"http:\/\/www.bembi-barcelona.com\/wp-content\/uploads\/2018\/03\/interior_libro_Anand_Negi-1.jpg"}],"twitter_card":"summary_large_image","twitter_misc":{"Est. reading time":"4 minutes"},"schema":{"@context":"https:\/\/schema.org","@graph":[{"@type":"WebPage","@id":"https:\/\/www.bembi-barcelona.com\/en\/indian-cuisine-for-europeans\/","url":"https:\/\/www.bembi-barcelona.com\/en\/indian-cuisine-for-europeans\/","name":"Indian Cuisine for Europeans - Bembi","isPartOf":{"@id":"https:\/\/www.bembi-barcelona.com\/#website"},"datePublished":"2018-03-06T17:36:07+00:00","dateModified":"2024-05-09T22:10:43+00:00","breadcrumb":{"@id":"https:\/\/www.bembi-barcelona.com\/en\/indian-cuisine-for-europeans\/#breadcrumb"},"inLanguage":"en-US","potentialAction":[{"@type":"ReadAction","target":["https:\/\/www.bembi-barcelona.com\/en\/indian-cuisine-for-europeans\/"]}]},{"@type":"BreadcrumbList","@id":"https:\/\/www.bembi-barcelona.com\/en\/indian-cuisine-for-europeans\/#breadcrumb","itemListElement":[{"@type":"ListItem","position":1,"name":"Portada","item":"https:\/\/www.bembi-barcelona.com\/en\/"},{"@type":"ListItem","position":2,"name":"Indian Cuisine for Europeans"}]},{"@type":"WebSite","@id":"https:\/\/www.bembi-barcelona.com\/#website","url":"https:\/\/www.bembi-barcelona.com\/","name":"Bembi","description":"Restaurante de comida India en Barcelona","publisher":{"@id":"https:\/\/www.bembi-barcelona.com\/#organization"},"potentialAction":[{"@type":"SearchAction","target":{"@type":"EntryPoint","urlTemplate":"https:\/\/www.bembi-barcelona.com\/?s={search_term_string}"},"query-input":"required name=search_term_string"}],"inLanguage":"en-US"},{"@type":"Organization","@id":"https:\/\/www.bembi-barcelona.com\/#organization","name":"Restaurante Bembi","url":"https:\/\/www.bembi-barcelona.com\/","logo":{"@type":"ImageObject","inLanguage":"en-US","@id":"https:\/\/www.bembi-barcelona.com\/#\/schema\/logo\/image\/","url":"https:\/\/www.bembi-barcelona.com\/wp-content\/uploads\/2020\/04\/logo_Bembi_2016.jpg","contentUrl":"https:\/\/www.bembi-barcelona.com\/wp-content\/uploads\/2020\/04\/logo_Bembi_2016.jpg","width":1500,"height":1012,"caption":"Restaurante Bembi"},"image":{"@id":"https:\/\/www.bembi-barcelona.com\/#\/schema\/logo\/image\/"}}]}},"_links":{"self":[{"href":"https:\/\/www.bembi-barcelona.com\/en\/wp-json\/wp\/v2\/pages\/3350"}],"collection":[{"href":"https:\/\/www.bembi-barcelona.com\/en\/wp-json\/wp\/v2\/pages"}],"about":[{"href":"https:\/\/www.bembi-barcelona.com\/en\/wp-json\/wp\/v2\/types\/page"}],"author":[{"embeddable":true,"href":"https:\/\/www.bembi-barcelona.com\/en\/wp-json\/wp\/v2\/users\/2"}],"replies":[{"embeddable":true,"href":"https:\/\/www.bembi-barcelona.com\/en\/wp-json\/wp\/v2\/comments?post=3350"}],"version-history":[{"count":3,"href":"https:\/\/www.bembi-barcelona.com\/en\/wp-json\/wp\/v2\/pages\/3350\/revisions"}],"predecessor-version":[{"id":3355,"href":"https:\/\/www.bembi-barcelona.com\/en\/wp-json\/wp\/v2\/pages\/3350\/revisions\/3355"}],"wp:attachment":[{"href":"https:\/\/www.bembi-barcelona.com\/en\/wp-json\/wp\/v2\/media?parent=3350"}],"curies":[{"name":"wp","href":"https:\/\/api.w.org\/{rel}","templated":true}]}}