{"id":2122,"date":"2016-09-07T10:02:52","date_gmt":"2016-09-07T10:02:52","guid":{"rendered":"http:\/\/www.bembi-barcelona.com\/?page_id=2122"},"modified":"2023-07-25T14:06:20","modified_gmt":"2023-07-25T13:06:20","slug":"cookies","status":"publish","type":"page","link":"https:\/\/www.bembi-barcelona.com\/en\/cookies\/","title":{"rendered":"Pol\u00edtica de Cookies"},"content":{"rendered":"<div class=\"fusion-fullwidth fullwidth-box fusion-builder-row-1 nonhundred-percent-fullwidth non-hundred-percent-height-scrolling\" style=\"--awb-background-position:left top;--awb-border-radius-top-left:0px;--awb-border-radius-top-right:0px;--awb-border-radius-bottom-right:0px;--awb-border-radius-bottom-left:0px;--awb-padding-top:80px;--awb-padding-bottom:80px;--awb-border-sizes-top:0px;--awb-border-sizes-bottom:0px;--awb-flex-wrap:wrap;\" id=\"politicacookies\" ><div class=\"fusion-builder-row fusion-row\"><div class=\"fusion-layout-column fusion_builder_column fusion-builder-column-0 fusion_builder_column_1_1 1_1 fusion-one-full fusion-column-first fusion-column-last fusion-column-no-min-height\" style=\"--awb-bg-size:cover;--awb-margin-bottom:0px;\"><div class=\"fusion-column-wrapper fusion-flex-column-wrapper-legacy\"><div class=\"fusion-text fusion-text-1\"><p><strong>Pol\u00edtica de cookies<\/strong><\/p>\n<p>Esta web utiliza cookies de terceros para analizar la navegaci\u00f3n del usuario. Con la mera navegaci\u00f3n (con el navegador habilitado para aceptar cookies), el usuario acepta la instalaci\u00f3n de cookies, salvo que se oponga, seg\u00fan se detalla en esta Pol\u00edtica de Cookies.<\/p>\n<p>La presente pol\u00edtica tiene como finalidad informarle de manera clara y concisa sobre las cookies que se usan en nuestro sitio web.<\/p>\n<p>&nbsp;<\/p>\n<p><strong>\u00bfQue es una cookie?<\/strong><\/p>\n<p>Una cookie es un fichero que se descarga en el ordenador\/Smartphone\/tablet del usuario al acceder a determinadas p\u00e1ginas web para almacenar y recuperar informaci\u00f3n sobre la navegaci\u00f3n que se efect\u00faa desde dicho equipo.<\/p>\n<p>&nbsp;<\/p>\n<p><strong>Cookies utilizadas<\/strong><\/p>\n<p>Esta web utiliza cookies anal\u00edticas de terceros (Google Analytics) para recabar estad\u00edsticas sobre la actividad del usuario al visitar la p\u00e1gina y la actividad general de la misma. La informaci\u00f3n recopilada es an\u00f3nima y permite optimizar la navegaci\u00f3n por nuestra web. Gracias a ello podemos estudiar la navegaci\u00f3n por el sitio web y mejorar as\u00ed la oferta de productos o servicios que ofrecemos.<\/p>\n<p>&nbsp;<\/p>\n<p><strong>Configuraci\u00f3n de cookies<\/strong><\/p>\n<p>En todo momento puede permitir, bloquear o eliminar las cookies instaladas en su equipo mediante la configuraci\u00f3n de las opciones de su navegador de Internet. Asimismo el usuario puede activar:<\/p>\n<ul>\n<li>La navegaci\u00f3n privada, mediante la cual su navegador deja de actuar en el historial de navegaci\u00f3n, contrase\u00f1as de sitios web, cookies y otra informaci\u00f3n de la p\u00e1ginas que visita, o<\/li>\n<li>La funci\u00f3n de no rastrear, por la que el navegador pide a los sitios web que visita no rastreen sus h\u00e1bitos de navegaci\u00f3n, para por ejemplo, servirle publicidad de su inter\u00e9s en los sitios que visita.<\/li>\n<\/ul>\n<p>A continuaci\u00f3n incluimos los v\u00ednculos para gestionar cookies en los navegadores m\u00e1s relevantes:<\/p>\n<ul>\n<li>Google Chrome<br \/>\n<a href=\"https:\/\/support.google.com\/chrome\/answer\/95647?hl=es\" rel=\"nofollow\">https:\/\/support.google.com\/chrome\/answer\/95647?hl=es<\/a><\/li>\n<li>Mozilla Firefox<br \/>\n<a href=\"http:\/\/support.mozilla.org\/es\/kb\/habilitar-y-deshabilitar-cookies-que-los-sitios-we\" rel=\"nofollow\">http:\/\/support.mozilla.org\/es\/kb\/habilitar-y-deshabilitar-cookies-que-los-sitios-we<\/a><\/li>\n<li>Internet Explorer<br \/>\n<a href=\"http:\/\/windows.microsoft.com\/es-es\/windows-vista\/block-or-allow-cookies\" rel=\"nofollow\">http:\/\/windows.microsoft.com\/es-es\/windows-vista\/block-or-allow-cookies<\/a><\/li>\n<li>Safari<br \/>\n<a href=\"http:\/\/support.apple.com\/kb\/ph5042\" rel=\"nofollow\">http:\/\/support.apple.com\/kb\/ph5042<\/a><\/li>\n<\/ul>\n<p>Tenga en cuenta que si rechaza la instalaci\u00f3n de cookies podr\u00e1 seguir usando el sitio web, aunque el uso de algunos de sus servicios podr\u00e1 ser limitado.<\/p>\n<p>&nbsp;<\/p>\n<p><strong>Nombre de cookies utilizadas por Google<\/strong><\/p>\n<table>\n<tbody>\n<tr>\n<td>Nombre<\/td>\n<\/tr>\n<tr>\n<td>_ga<\/td>\n<\/tr>\n<tr>\n<td>_utma<\/td>\n<\/tr>\n<tr>\n<td>_utmb<\/td>\n<\/tr>\n<tr>\n<td>_utmc<\/td>\n<\/tr>\n<tr>\n<td>_utmz<\/td>\n<\/tr>\n<tr>\n<td>_utmv<\/td>\n<\/tr>\n<\/tbody>\n<\/table>\n<p>&nbsp;<\/p>\n<p>Informaci\u00f3n de cookies utilizadas extra\u00edda de:<\/p>\n<p><a href=\"https:\/\/developers.google.com\/analytics\/devguides\/collection\/analyticsjs\/cookie-usage#gajs\" rel=\"nofollow\">https:\/\/developers.google.com\/analytics\/devguides\/collection\/analyticsjs\/cookie-usage#gajs<\/a><\/p>\n<\/div><div class=\"fusion-clearfix\"><\/div><\/div><\/div><\/div><\/div>\n","protected":false},"excerpt":{"rendered":"","protected":false},"author":1,"featured_media":0,"parent":0,"menu_order":0,"comment_status":"closed","ping_status":"closed","template":"100-width.php","meta":[],"yoast_head":"<!-- This site is optimized with the Yoast SEO plugin v20.12 - https:\/\/yoast.com\/wordpress\/plugins\/seo\/ -->\n<title>Pol\u00edtica de Cookies - Bembi<\/title>\n<meta name=\"robots\" content=\"index, follow, max-snippet:-1, max-image-preview:large, max-video-preview:-1\" \/>\n<link rel=\"canonical\" href=\"https:\/\/www.bembi-barcelona.com\/en\/cookies\/\" \/>\n<meta property=\"og:locale\" content=\"en_US\" \/>\n<meta property=\"og:type\" content=\"article\" \/>\n<meta property=\"og:title\" content=\"Pol\u00edtica de Cookies - Bembi\" \/>\n<meta property=\"og:url\" content=\"https:\/\/www.bembi-barcelona.com\/cookies\/\" \/>\n<meta property=\"og:site_name\" content=\"Bembi\" \/>\n<meta property=\"article:modified_time\" content=\"2023-07-25T13:06:20+00:00\" \/>\n<meta name=\"twitter:card\" content=\"summary_large_image\" \/>\n<meta name=\"twitter:label1\" content=\"Est. reading time\" \/>\n\t<meta name=\"twitter:data1\" content=\"2 minutes\" \/>\n<script type=\"application\/ld+json\" class=\"yoast-schema-graph\">{\"@context\":\"https:\/\/schema.org\",\"@graph\":[{\"@type\":\"WebPage\",\"@id\":\"https:\/\/www.bembi-barcelona.com\/cookies\/\",\"url\":\"https:\/\/www.bembi-barcelona.com\/cookies\/\",\"name\":\"Pol\u00edtica de Cookies - Bembi\",\"isPartOf\":{\"@id\":\"https:\/\/www.bembi-barcelona.com\/#website\"},\"datePublished\":\"2016-09-07T10:02:52+00:00\",\"dateModified\":\"2023-07-25T13:06:20+00:00\",\"breadcrumb\":{\"@id\":\"https:\/\/www.bembi-barcelona.com\/cookies\/#breadcrumb\"},\"inLanguage\":\"en-US\",\"potentialAction\":[{\"@type\":\"ReadAction\",\"target\":[\"https:\/\/www.bembi-barcelona.com\/cookies\/\"]}]},{\"@type\":\"BreadcrumbList\",\"@id\":\"https:\/\/www.bembi-barcelona.com\/cookies\/#breadcrumb\",\"itemListElement\":[{\"@type\":\"ListItem\",\"position\":1,\"name\":\"Portada\",\"item\":\"https:\/\/www.bembi-barcelona.com\/en\/\"},{\"@type\":\"ListItem\",\"position\":2,\"name\":\"Pol\u00edtica de Cookies\"}]},{\"@type\":\"WebSite\",\"@id\":\"https:\/\/www.bembi-barcelona.com\/#website\",\"url\":\"https:\/\/www.bembi-barcelona.com\/\",\"name\":\"Bembi\",\"description\":\"Restaurante de comida India en Barcelona\",\"publisher\":{\"@id\":\"https:\/\/www.bembi-barcelona.com\/#organization\"},\"potentialAction\":[{\"@type\":\"SearchAction\",\"target\":{\"@type\":\"EntryPoint\",\"urlTemplate\":\"https:\/\/www.bembi-barcelona.com\/?s={search_term_string}\"},\"query-input\":\"required name=search_term_string\"}],\"inLanguage\":\"en-US\"},{\"@type\":\"Organization\",\"@id\":\"https:\/\/www.bembi-barcelona.com\/#organization\",\"name\":\"Restaurante Bembi\",\"url\":\"https:\/\/www.bembi-barcelona.com\/\",\"logo\":{\"@type\":\"ImageObject\",\"inLanguage\":\"en-US\",\"@id\":\"https:\/\/www.bembi-barcelona.com\/#\/schema\/logo\/image\/\",\"url\":\"https:\/\/www.bembi-barcelona.com\/wp-content\/uploads\/2020\/04\/logo_Bembi_2016.jpg\",\"contentUrl\":\"https:\/\/www.bembi-barcelona.com\/wp-content\/uploads\/2020\/04\/logo_Bembi_2016.jpg\",\"width\":1500,\"height\":1012,\"caption\":\"Restaurante Bembi\"},\"image\":{\"@id\":\"https:\/\/www.bembi-barcelona.com\/#\/schema\/logo\/image\/\"}}]}<\/script>\n<!-- \/ Yoast SEO plugin. -->","yoast_head_json":{"title":"Pol\u00edtica de Cookies - Bembi","robots":{"index":"index","follow":"follow","max-snippet":"max-snippet:-1","max-image-preview":"max-image-preview:large","max-video-preview":"max-video-preview:-1"},"canonical":"https:\/\/www.bembi-barcelona.com\/en\/cookies\/","og_locale":"en_US","og_type":"article","og_title":"Pol\u00edtica de Cookies - Bembi","og_url":"https:\/\/www.bembi-barcelona.com\/cookies\/","og_site_name":"Bembi","article_modified_time":"2023-07-25T13:06:20+00:00","twitter_card":"summary_large_image","twitter_misc":{"Est. reading time":"2 minutes"},"schema":{"@context":"https:\/\/schema.org","@graph":[{"@type":"WebPage","@id":"https:\/\/www.bembi-barcelona.com\/cookies\/","url":"https:\/\/www.bembi-barcelona.com\/cookies\/","name":"Pol\u00edtica de Cookies - Bembi","isPartOf":{"@id":"https:\/\/www.bembi-barcelona.com\/#website"},"datePublished":"2016-09-07T10:02:52+00:00","dateModified":"2023-07-25T13:06:20+00:00","breadcrumb":{"@id":"https:\/\/www.bembi-barcelona.com\/cookies\/#breadcrumb"},"inLanguage":"en-US","potentialAction":[{"@type":"ReadAction","target":["https:\/\/www.bembi-barcelona.com\/cookies\/"]}]},{"@type":"BreadcrumbList","@id":"https:\/\/www.bembi-barcelona.com\/cookies\/#breadcrumb","itemListElement":[{"@type":"ListItem","position":1,"name":"Portada","item":"https:\/\/www.bembi-barcelona.com\/en\/"},{"@type":"ListItem","position":2,"name":"Pol\u00edtica de Cookies"}]},{"@type":"WebSite","@id":"https:\/\/www.bembi-barcelona.com\/#website","url":"https:\/\/www.bembi-barcelona.com\/","name":"Bembi","description":"Restaurante de comida India en Barcelona","publisher":{"@id":"https:\/\/www.bembi-barcelona.com\/#organization"},"potentialAction":[{"@type":"SearchAction","target":{"@type":"EntryPoint","urlTemplate":"https:\/\/www.bembi-barcelona.com\/?s={search_term_string}"},"query-input":"required name=search_term_string"}],"inLanguage":"en-US"},{"@type":"Organization","@id":"https:\/\/www.bembi-barcelona.com\/#organization","name":"Restaurante Bembi","url":"https:\/\/www.bembi-barcelona.com\/","logo":{"@type":"ImageObject","inLanguage":"en-US","@id":"https:\/\/www.bembi-barcelona.com\/#\/schema\/logo\/image\/","url":"https:\/\/www.bembi-barcelona.com\/wp-content\/uploads\/2020\/04\/logo_Bembi_2016.jpg","contentUrl":"https:\/\/www.bembi-barcelona.com\/wp-content\/uploads\/2020\/04\/logo_Bembi_2016.jpg","width":1500,"height":1012,"caption":"Restaurante Bembi"},"image":{"@id":"https:\/\/www.bembi-barcelona.com\/#\/schema\/logo\/image\/"}}]}},"_links":{"self":[{"href":"https:\/\/www.bembi-barcelona.com\/en\/wp-json\/wp\/v2\/pages\/2122"}],"collection":[{"href":"https:\/\/www.bembi-barcelona.com\/en\/wp-json\/wp\/v2\/pages"}],"about":[{"href":"https:\/\/www.bembi-barcelona.com\/en\/wp-json\/wp\/v2\/types\/page"}],"author":[{"embeddable":true,"href":"https:\/\/www.bembi-barcelona.com\/en\/wp-json\/wp\/v2\/users\/1"}],"replies":[{"embeddable":true,"href":"https:\/\/www.bembi-barcelona.com\/en\/wp-json\/wp\/v2\/comments?post=2122"}],"version-history":[{"count":7,"href":"https:\/\/www.bembi-barcelona.com\/en\/wp-json\/wp\/v2\/pages\/2122\/revisions"}],"predecessor-version":[{"id":3484,"href":"https:\/\/www.bembi-barcelona.com\/en\/wp-json\/wp\/v2\/pages\/2122\/revisions\/3484"}],"wp:attachment":[{"href":"https:\/\/www.bembi-barcelona.com\/en\/wp-json\/wp\/v2\/media?parent=2122"}],"curies":[{"name":"wp","href":"https:\/\/api.w.org\/{rel}","templated":true}]}}