{"id":3491,"date":"2023-08-03T12:43:15","date_gmt":"2023-08-03T11:43:15","guid":{"rendered":"https:\/\/www.bembi-barcelona.com\/?page_id=3491"},"modified":"2024-05-14T12:51:47","modified_gmt":"2024-05-14T11:51:47","slug":"menu-migdia","status":"publish","type":"page","link":"https:\/\/www.bembi-barcelona.com\/ca\/la-carta\/menu-migdia\/","title":{"rendered":"Men\u00fa Migdia"},"content":{"rendered":"<p><div class=\"fusion-fullwidth fullwidth-box fusion-builder-row-1 fusion-parallax-none hundred-percent-fullwidth non-hundred-percent-height-scrolling\" style=\"--awb-border-sizes-top:0px;--awb-border-sizes-bottom:0px;--awb-border-sizes-left:0px;--awb-border-sizes-right:0px;--awb-border-color:#ffffff;--awb-border-radius-top-left:0px;--awb-border-radius-top-right:0px;--awb-border-radius-bottom-right:0px;--awb-border-radius-bottom-left:0px;--awb-padding-top:0px;--awb-padding-right:0px;--awb-padding-bottom:0px;--awb-padding-left:0px;--awb-background-image:url(&quot;http:\/\/www.bembi-barcelona.com\/wp-content\/uploads\/2018\/06\/Pollo-tandoor_byriani_raita.jpg&quot;);--awb-background-size:cover;--awb-flex-wrap:wrap;\" ><div class=\"fusion-builder-row fusion-row\"><div class=\"fusion-layout-column fusion_builder_column fusion-builder-column-0 fusion_builder_column_1_1 1_1 fusion-one-full fusion-column-first fusion-column-last fusion-column-no-min-height\" style=\"--awb-bg-blend:overlay;--awb-bg-size:cover;--awb-margin-bottom:0px;\"><div class=\"fusion-column-wrapper fusion-flex-column-wrapper-legacy\"><div class=\"fusion-sep-clear\"><\/div><div class=\"fusion-separator fusion-full-width-sep\" style=\"margin-left: auto;margin-right: auto;margin-top:50px;margin-bottom:50px;width:100%;\"><\/div><div class=\"fusion-sep-clear\"><\/div><div class=\"fusion-text fusion-text-1\"><h1 class=\"menus\">Men\u00fa Migdia<\/h1>\n<\/div><div class=\"fusion-sep-clear\"><\/div><div class=\"fusion-separator fusion-full-width-sep\" style=\"margin-left: auto;margin-right: auto;margin-top:50px;margin-bottom:50px;width:100%;\"><\/div><div class=\"fusion-sep-clear\"><\/div><div class=\"fusion-clearfix\"><\/div><\/div><\/div><\/div><\/div><div class=\"fusion-fullwidth fullwidth-box fusion-builder-row-2 hundred-percent-fullwidth non-hundred-percent-height-scrolling\" style=\"--awb-background-position:left top;--awb-border-sizes-top:0px;--awb-border-sizes-bottom:0px;--awb-border-sizes-left:0px;--awb-border-sizes-right:0px;--awb-border-color:#ffffff;--awb-border-radius-top-left:0px;--awb-border-radius-top-right:0px;--awb-border-radius-bottom-right:0px;--awb-border-radius-bottom-left:0px;--awb-padding-top:0px;--awb-padding-right:0px;--awb-padding-bottom:0px;--awb-padding-left:0px;--awb-background-color:#ededed;--awb-flex-wrap:wrap;\" ><div class=\"fusion-builder-row fusion-row\"><div class=\"fusion-layout-column fusion_builder_column fusion-builder-column-1 fusion_builder_column_1_1 1_1 fusion-one-full fusion-column-first fusion-column-last negro centrado\" style=\"--awb-padding-top:40px;--awb-padding-right:40px;--awb-padding-bottom:40px;--awb-padding-left:40px;--awb-bg-color:#ffffff;--awb-bg-color-hover:#ffffff;--awb-bg-size:cover;--awb-margin-bottom:0px;\" id=\"menutexto\"><div class=\"fusion-column-wrapper fusion-flex-column-wrapper-legacy\"><div class=\"fusion-title title fusion-title-1 fusion-title-center fusion-title-text fusion-title-size-two\" style=\"--awb-text-color:var(--awb-color5);--awb-margin-top:40px;--awb-margin-bottom:0px;--awb-margin-top-small:30px;--awb-margin-bottom-small:0px;--awb-font-size:24px;\"><div class=\"title-sep-container title-sep-container-left\"><div class=\"title-sep sep-single sep-solid\" style=\"border-color:rgba(255,255,255,0.2);\"><\/div><\/div><span class=\"awb-title-spacer\"><\/span><h2 class=\"fusion-title-heading title-heading-center fusion-responsive-typography-calculated\" style=\"font-family:&quot;Open Sans&quot;;font-style:normal;font-weight:400;margin:0;font-size:1em;text-transform:uppercase;--fontSize:24;line-height:1.08;\"><h2>ENTRANTS<\/h2><\/h2><span class=\"awb-title-spacer\"><\/span><div class=\"title-sep-container title-sep-container-right\"><div class=\"title-sep sep-single sep-solid\" style=\"border-color:rgba(255,255,255,0.2);\"><\/div><\/div><\/div><div class=\"fusion-text fusion-text-2\"><p><em>(un a escollir)<\/em><\/p>\n<\/div><div class=\"fusion-sep-clear\"><\/div><div class=\"fusion-separator\" style=\"margin-left: auto;margin-right: auto;margin-top:0px;margin-bottom:20px;width:100%;max-width:50%;\"><div class=\"fusion-separator-border sep-single sep-solid\" style=\"--awb-height:20px;--awb-amount:20px;--awb-sep-color:var(--awb-color5);border-color:var(--awb-color5);border-top-width:1px;\"><\/div><\/div><div class=\"fusion-sep-clear\"><\/div><div class=\"fusion-text fusion-text-3\"><p><strong>SAMOSA CHANA CHAAT<\/strong><br \/>\nEl millor de la nostra samossa vegetal amb cigrons, salsa de iogurt i tamarinde.<\/p>\n<p><strong>ONION BHAJI<\/strong><br \/>\nCeba fregida preparada amb una t\u00e8cnica \u00edndia especial &#8211; Un dels favorits!<\/p>\n<p><strong>DAL SHORBA<\/strong><br \/>\nLa nostra deliciosa sopa de llenties.<\/p>\n<p><strong>MURGH MALAI TIKKA\u00a0 \u00a0(+3,5\u20ac)<br \/>\n<\/strong>Sucosos daus de pollastre marinats en cardamom i formatge, cuinats al Tandoor i banyats en una cremosa salsa.<\/p>\n<p><strong>THALASSERY TAWA MACHI (+4,5\u20ac)<br \/>\n<\/strong>Filet de llu\u00e7 a la graella lleugerament especiat amb coco, tamarinde i curri. Especialitat de la costa de Malabar.<\/p>\n<\/div><div class=\"fusion-title title fusion-title-2 fusion-title-center fusion-title-text fusion-title-size-two\" style=\"--awb-text-color:var(--awb-color5);--awb-margin-top:40px;--awb-margin-bottom:0px;--awb-margin-top-small:30px;--awb-margin-bottom-small:0px;--awb-font-size:24px;\"><div class=\"title-sep-container title-sep-container-left\"><div class=\"title-sep sep-single sep-solid\" style=\"border-color:rgba(255,255,255,0.2);\"><\/div><\/div><span class=\"awb-title-spacer\"><\/span><h2 class=\"fusion-title-heading title-heading-center fusion-responsive-typography-calculated\" style=\"font-family:&quot;Open Sans&quot;;font-style:normal;font-weight:400;margin:0;font-size:1em;text-transform:uppercase;--fontSize:24;line-height:1.08;\"><h2>PLATS PRINCIPALS<\/h2><\/h2><span class=\"awb-title-spacer\"><\/span><div class=\"title-sep-container title-sep-container-right\"><div class=\"title-sep sep-single sep-solid\" style=\"border-color:rgba(255,255,255,0.2);\"><\/div><\/div><\/div><div class=\"fusion-text fusion-text-4\"><p><em>(un a escollir)<\/em><\/p>\n<\/div><div class=\"fusion-sep-clear\"><\/div><div class=\"fusion-separator\" style=\"margin-left: auto;margin-right: auto;margin-top:0px;margin-bottom:20px;width:100%;max-width:50%;\"><div class=\"fusion-separator-border sep-single sep-solid\" style=\"--awb-height:20px;--awb-amount:20px;--awb-sep-color:var(--awb-color5);border-color:var(--awb-color5);border-top-width:1px;\"><\/div><\/div><div class=\"fusion-sep-clear\"><\/div><div class=\"fusion-text fusion-text-5\"><p><strong>CORDERO VINDALOO<\/strong><br \/>\nSucosa carn de xai en una salsa picant amb esp\u00e8cies torrades.<\/p>\n<p><strong>BUTTER CHICKEN<br \/>\n<\/strong>L\u2019especialitat de la casa: pollastre en una cremosa salsa de tom\u00e0quet amb fulles d\u2019alfolba i mantega.<\/p>\n<p><strong>CHICKEN TIKKA MASALA<br \/>\n<\/strong>Pollastre marinat en esp\u00e8cies i iogurt, rostit al tandoor i despr\u00e9s cuinat en la nostra pr\u00f2pia salsa masala (mescla d\u2019esp\u00e8cies).<\/p>\n<p><strong>POLLO TANDOORI (+5\u20ac)<\/strong><br \/>\nSuaus cuixes de pollastre rostits al Tandoor i servits amb Naan.<\/p>\n<p><strong>MALVANI FISH CURRY<br \/>\n<\/strong>Un tradicional i suau curri, a base de peix\u00a0amb coco i Malvani masala acabat de moldre.<\/p>\n<p><strong>MILONI SUBZI SAAGWALA\u00a0<\/strong><br \/>\nVerdures en una cremosa salsa a base d&#8217;espinacs.<br \/>\n<em>Opci\u00f3 vegana sota petici\u00f3<\/em><\/p>\n<p><strong>PANEER BUTTER MASALA<br \/>\n<\/strong>Exquisida recepta de formatge fresc amb una cremosa salsa de tom\u00e0quet, ceba i mantega.<\/p>\n<p><em>Tots els\u00a0curries\u00a0venen acompanyats d&#8217;arr\u00f2s basmati i pa\u00a0Naan<\/em><\/p>\n<\/div><div class=\"fusion-title title fusion-title-3 fusion-title-center fusion-title-text fusion-title-size-two\" style=\"--awb-text-color:var(--awb-color5);--awb-margin-top:40px;--awb-margin-bottom:0px;--awb-margin-top-small:30px;--awb-margin-bottom-small:0px;--awb-font-size:24px;\"><div class=\"title-sep-container title-sep-container-left\"><div class=\"title-sep sep-single sep-solid\" style=\"border-color:rgba(255,255,255,0.2);\"><\/div><\/div><span class=\"awb-title-spacer\"><\/span><h2 class=\"fusion-title-heading title-heading-center fusion-responsive-typography-calculated\" style=\"font-family:&quot;Open Sans&quot;;font-style:normal;font-weight:400;margin:0;font-size:1em;text-transform:uppercase;--fontSize:24;line-height:1.08;\"><h2>POSTRES<\/h2><\/h2><span class=\"awb-title-spacer\"><\/span><div class=\"title-sep-container title-sep-container-right\"><div class=\"title-sep sep-single sep-solid\" style=\"border-color:rgba(255,255,255,0.2);\"><\/div><\/div><\/div><div class=\"fusion-text fusion-text-6\"><p><em>(un a escollir)<\/em><\/p>\n<\/div><div class=\"fusion-sep-clear\"><\/div><div class=\"fusion-separator\" style=\"margin-left: auto;margin-right: auto;margin-top:0px;margin-bottom:20px;width:100%;max-width:50%;\"><div class=\"fusion-separator-border sep-single sep-solid\" style=\"--awb-height:20px;--awb-amount:20px;--awb-sep-color:var(--awb-color5);border-color:var(--awb-color5);border-top-width:1px;\"><\/div><\/div><div class=\"fusion-sep-clear\"><\/div><div class=\"fusion-text fusion-text-7\"><p><strong>GULAB JAMUN<\/strong><br \/>\nEsponjoses boletes del nostre alm\u00edvar de llet servides amb xarop de canyella i gelat de vainilla.<\/p>\n<p><strong>CREMA DE MANGO<\/strong><\/p>\n<p><strong>SORBET DE MANGO\u00a0 <\/strong>\u00a0(veg\u00e0)<\/p>\n<p><strong>KULFI DE FESTUC<br \/>\n<\/strong>La versi\u00f3 india del gelat.<\/p>\n<\/div><div class=\"fusion-text fusion-text-8\" style=\"--awb-margin-top:60px;\"><p><strong>PREU por persona 16,50<br \/>\n<\/strong><i>IVA incl\u00f2s &#8211; Pa i Refresc inclosos<\/i><\/p>\n<p class=\"p1\"><i>V\u00e0lid de dilluns a divendres al migdia excepte festius.<\/i><\/p>\n<\/div><div class=\"fusion-clearfix\"><\/div><\/div><\/div><\/div><\/div><div class=\"fusion-fullwidth fullwidth-box fusion-builder-row-3 hundred-percent-fullwidth non-hundred-percent-height-scrolling fusion-equal-height-columns\" style=\"--awb-background-position:left top;--awb-border-sizes-top:2px;--awb-border-sizes-bottom:2px;--awb-border-sizes-left:0px;--awb-border-sizes-right:0px;--awb-border-color:#ffffff;--awb-border-radius-top-left:0px;--awb-border-radius-top-right:0px;--awb-border-radius-bottom-right:0px;--awb-border-radius-bottom-left:0px;--awb-padding-right:0px;--awb-padding-bottom:0px;--awb-padding-left:0px;--awb-background-color:#ffffff;--awb-flex-wrap:wrap;\" ><div class=\"fusion-builder-row fusion-row\"><div class=\"fusion-layout-column fusion_builder_column fusion-builder-column-2 fusion_builder_column_1_1 1_1 fusion-one-full fusion-column-first fusion-column-last\" style=\"--awb-padding-top:9%;--awb-padding-right:9%;--awb-padding-bottom:9%;--awb-padding-left:9%;--awb-bg-color:#c59542;--awb-bg-color-hover:#c59542;--awb-bg-image:url(&#039;http:\/\/www.bembi-barcelona.com\/wp-content\/uploads\/2016\/06\/call_to_action_4.jpg&#039;);--awb-bg-position:center bottom;--awb-bg-size:cover;--awb-margin-bottom:0px;\"><div class=\"fusion-column-wrapper fusion-flex-column-wrapper-legacy fusion-column-has-bg-image\" data-bg-url=\"http:\/\/www.bembi-barcelona.com\/wp-content\/uploads\/2016\/06\/call_to_action_4.jpg\"><div class=\"fusion-column-content-centered\"><div class=\"fusion-column-content\"><div class=\"fusion-text fusion-text-9\"><h2 style=\"text-align: center; margin-bottom: 1px;\">Vine a probar-ho!<\/h2>\n<p style=\"text-align: center; margin-bottom: 40px; font-size: 22px; color: #ffffff; font-weight: 500;\">Exp\u00e8riencia Bemb\u00ec<\/p>\n<\/div><div class=\"fusion-aligncenter\"><a class=\"fusion-button button-flat button-large button-custom fusion-button-default button-1 fusion-button-default-span fusion-button-default-type fusion-animated\" style=\"--button_accent_color:#ffffff;--button_border_color:#ffffff;--button_accent_hover_color:#ffffff;--button_border_hover_color:#ffffff;--button_border_width-top:1px;--button_border_width-right:1px;--button_border_width-bottom:1px;--button_border_width-left:1px;--button_gradient_top_color:transparent;--button_gradient_bottom_color:transparent;--button_gradient_top_color_hover:transparent;--button_gradient_bottom_color_hover:transparent;\" data-animationType=\"fadeInUp\" data-animationDuration=\"1\" data-animationOffset=\"top-into-view\" target=\"_blank\" rel=\"noopener noreferrer\" href=\"https:\/\/www.bembi-barcelona.com\/ca\/reservar\/\"><span class=\"fusion-button-text\">RESERVA ARA<\/span><\/a><\/div><\/div><\/div><div class=\"fusion-clearfix\"><\/div><\/div><\/div><\/div><\/div><\/p>\n","protected":false},"excerpt":{"rendered":"","protected":false},"author":2,"featured_media":0,"parent":3306,"menu_order":0,"comment_status":"closed","ping_status":"closed","template":"100-width.php","meta":[],"yoast_head":"<!-- This site is optimized with the Yoast SEO plugin v20.12 - https:\/\/yoast.com\/wordpress\/plugins\/seo\/ -->\n<title>Men\u00fa Migdia - Bembi<\/title>\n<meta name=\"robots\" content=\"index, follow, max-snippet:-1, max-image-preview:large, max-video-preview:-1\" \/>\n<link rel=\"canonical\" href=\"https:\/\/www.bembi-barcelona.com\/ca\/la-carta\/menu-migdia\/\" \/>\n<meta property=\"og:locale\" content=\"ca_ES\" \/>\n<meta property=\"og:type\" content=\"article\" \/>\n<meta property=\"og:title\" content=\"Men\u00fa Migdia - Bembi\" \/>\n<meta property=\"og:url\" content=\"https:\/\/www.bembi-barcelona.com\/ca\/la-carta\/menu-migdia\/\" \/>\n<meta property=\"og:site_name\" content=\"Bembi\" \/>\n<meta property=\"article:modified_time\" content=\"2024-05-14T11:51:47+00:00\" \/>\n<meta name=\"twitter:card\" content=\"summary_large_image\" \/>\n<meta name=\"twitter:label1\" content=\"Temps estimat de lectura\" \/>\n\t<meta name=\"twitter:data1\" content=\"5 minuts\" \/>\n<script type=\"application\/ld+json\" class=\"yoast-schema-graph\">{\"@context\":\"https:\/\/schema.org\",\"@graph\":[{\"@type\":\"WebPage\",\"@id\":\"https:\/\/www.bembi-barcelona.com\/ca\/la-carta\/menu-migdia\/\",\"url\":\"https:\/\/www.bembi-barcelona.com\/ca\/la-carta\/menu-migdia\/\",\"name\":\"Men\u00fa Migdia - Bembi\",\"isPartOf\":{\"@id\":\"https:\/\/www.bembi-barcelona.com\/#website\"},\"datePublished\":\"2023-08-03T11:43:15+00:00\",\"dateModified\":\"2024-05-14T11:51:47+00:00\",\"breadcrumb\":{\"@id\":\"https:\/\/www.bembi-barcelona.com\/ca\/la-carta\/menu-migdia\/#breadcrumb\"},\"inLanguage\":\"ca\",\"potentialAction\":[{\"@type\":\"ReadAction\",\"target\":[\"https:\/\/www.bembi-barcelona.com\/ca\/la-carta\/menu-migdia\/\"]}]},{\"@type\":\"BreadcrumbList\",\"@id\":\"https:\/\/www.bembi-barcelona.com\/ca\/la-carta\/menu-migdia\/#breadcrumb\",\"itemListElement\":[{\"@type\":\"ListItem\",\"position\":1,\"name\":\"Portada\",\"item\":\"https:\/\/www.bembi-barcelona.com\/ca\/\"},{\"@type\":\"ListItem\",\"position\":2,\"name\":\"La Carta\",\"item\":\"https:\/\/www.bembi-barcelona.com\/ca\/la-carta\/\"},{\"@type\":\"ListItem\",\"position\":3,\"name\":\"Men\u00fa Migdia\"}]},{\"@type\":\"WebSite\",\"@id\":\"https:\/\/www.bembi-barcelona.com\/#website\",\"url\":\"https:\/\/www.bembi-barcelona.com\/\",\"name\":\"Bembi\",\"description\":\"Restaurante de comida India en Barcelona\",\"publisher\":{\"@id\":\"https:\/\/www.bembi-barcelona.com\/#organization\"},\"potentialAction\":[{\"@type\":\"SearchAction\",\"target\":{\"@type\":\"EntryPoint\",\"urlTemplate\":\"https:\/\/www.bembi-barcelona.com\/?s={search_term_string}\"},\"query-input\":\"required name=search_term_string\"}],\"inLanguage\":\"ca\"},{\"@type\":\"Organization\",\"@id\":\"https:\/\/www.bembi-barcelona.com\/#organization\",\"name\":\"Restaurante Bembi\",\"url\":\"https:\/\/www.bembi-barcelona.com\/\",\"logo\":{\"@type\":\"ImageObject\",\"inLanguage\":\"ca\",\"@id\":\"https:\/\/www.bembi-barcelona.com\/#\/schema\/logo\/image\/\",\"url\":\"https:\/\/www.bembi-barcelona.com\/wp-content\/uploads\/2020\/04\/logo_Bembi_2016.jpg\",\"contentUrl\":\"https:\/\/www.bembi-barcelona.com\/wp-content\/uploads\/2020\/04\/logo_Bembi_2016.jpg\",\"width\":1500,\"height\":1012,\"caption\":\"Restaurante Bembi\"},\"image\":{\"@id\":\"https:\/\/www.bembi-barcelona.com\/#\/schema\/logo\/image\/\"}}]}<\/script>\n<!-- \/ Yoast SEO plugin. -->","yoast_head_json":{"title":"Men\u00fa Migdia - Bembi","robots":{"index":"index","follow":"follow","max-snippet":"max-snippet:-1","max-image-preview":"max-image-preview:large","max-video-preview":"max-video-preview:-1"},"canonical":"https:\/\/www.bembi-barcelona.com\/ca\/la-carta\/menu-migdia\/","og_locale":"ca_ES","og_type":"article","og_title":"Men\u00fa Migdia - Bembi","og_url":"https:\/\/www.bembi-barcelona.com\/ca\/la-carta\/menu-migdia\/","og_site_name":"Bembi","article_modified_time":"2024-05-14T11:51:47+00:00","twitter_card":"summary_large_image","twitter_misc":{"Temps estimat de lectura":"5 minuts"},"schema":{"@context":"https:\/\/schema.org","@graph":[{"@type":"WebPage","@id":"https:\/\/www.bembi-barcelona.com\/ca\/la-carta\/menu-migdia\/","url":"https:\/\/www.bembi-barcelona.com\/ca\/la-carta\/menu-migdia\/","name":"Men\u00fa Migdia - Bembi","isPartOf":{"@id":"https:\/\/www.bembi-barcelona.com\/#website"},"datePublished":"2023-08-03T11:43:15+00:00","dateModified":"2024-05-14T11:51:47+00:00","breadcrumb":{"@id":"https:\/\/www.bembi-barcelona.com\/ca\/la-carta\/menu-migdia\/#breadcrumb"},"inLanguage":"ca","potentialAction":[{"@type":"ReadAction","target":["https:\/\/www.bembi-barcelona.com\/ca\/la-carta\/menu-migdia\/"]}]},{"@type":"BreadcrumbList","@id":"https:\/\/www.bembi-barcelona.com\/ca\/la-carta\/menu-migdia\/#breadcrumb","itemListElement":[{"@type":"ListItem","position":1,"name":"Portada","item":"https:\/\/www.bembi-barcelona.com\/ca\/"},{"@type":"ListItem","position":2,"name":"La Carta","item":"https:\/\/www.bembi-barcelona.com\/ca\/la-carta\/"},{"@type":"ListItem","position":3,"name":"Men\u00fa Migdia"}]},{"@type":"WebSite","@id":"https:\/\/www.bembi-barcelona.com\/#website","url":"https:\/\/www.bembi-barcelona.com\/","name":"Bembi","description":"Restaurante de comida India en Barcelona","publisher":{"@id":"https:\/\/www.bembi-barcelona.com\/#organization"},"potentialAction":[{"@type":"SearchAction","target":{"@type":"EntryPoint","urlTemplate":"https:\/\/www.bembi-barcelona.com\/?s={search_term_string}"},"query-input":"required name=search_term_string"}],"inLanguage":"ca"},{"@type":"Organization","@id":"https:\/\/www.bembi-barcelona.com\/#organization","name":"Restaurante Bembi","url":"https:\/\/www.bembi-barcelona.com\/","logo":{"@type":"ImageObject","inLanguage":"ca","@id":"https:\/\/www.bembi-barcelona.com\/#\/schema\/logo\/image\/","url":"https:\/\/www.bembi-barcelona.com\/wp-content\/uploads\/2020\/04\/logo_Bembi_2016.jpg","contentUrl":"https:\/\/www.bembi-barcelona.com\/wp-content\/uploads\/2020\/04\/logo_Bembi_2016.jpg","width":1500,"height":1012,"caption":"Restaurante Bembi"},"image":{"@id":"https:\/\/www.bembi-barcelona.com\/#\/schema\/logo\/image\/"}}]}},"_links":{"self":[{"href":"https:\/\/www.bembi-barcelona.com\/ca\/wp-json\/wp\/v2\/pages\/3491"}],"collection":[{"href":"https:\/\/www.bembi-barcelona.com\/ca\/wp-json\/wp\/v2\/pages"}],"about":[{"href":"https:\/\/www.bembi-barcelona.com\/ca\/wp-json\/wp\/v2\/types\/page"}],"author":[{"embeddable":true,"href":"https:\/\/www.bembi-barcelona.com\/ca\/wp-json\/wp\/v2\/users\/2"}],"replies":[{"embeddable":true,"href":"https:\/\/www.bembi-barcelona.com\/ca\/wp-json\/wp\/v2\/comments?post=3491"}],"version-history":[{"count":2,"href":"https:\/\/www.bembi-barcelona.com\/ca\/wp-json\/wp\/v2\/pages\/3491\/revisions"}],"predecessor-version":[{"id":3493,"href":"https:\/\/www.bembi-barcelona.com\/ca\/wp-json\/wp\/v2\/pages\/3491\/revisions\/3493"}],"up":[{"embeddable":true,"href":"https:\/\/www.bembi-barcelona.com\/ca\/wp-json\/wp\/v2\/pages\/3306"}],"wp:attachment":[{"href":"https:\/\/www.bembi-barcelona.com\/ca\/wp-json\/wp\/v2\/media?parent=3491"}],"curies":[{"name":"wp","href":"https:\/\/api.w.org\/{rel}","templated":true}]}}