{"id":3478,"date":"2023-08-04T11:20:52","date_gmt":"2023-08-04T10:20:52","guid":{"rendered":"https:\/\/www.bembi-barcelona.com\/?page_id=3478"},"modified":"2024-05-14T12:07:59","modified_gmt":"2024-05-14T11:07:59","slug":"vins","status":"publish","type":"page","link":"https:\/\/www.bembi-barcelona.com\/ca\/la-carta\/vins\/","title":{"rendered":"Vins"},"content":{"rendered":"<p><div class=\"fusion-fullwidth fullwidth-box fusion-builder-row-1 fusion-parallax-none hundred-percent-fullwidth non-hundred-percent-height-scrolling\" style=\"--awb-border-sizes-top:0px;--awb-border-sizes-bottom:0px;--awb-border-sizes-left:0px;--awb-border-sizes-right:0px;--awb-border-color:#ffffff;--awb-border-radius-top-left:0px;--awb-border-radius-top-right:0px;--awb-border-radius-bottom-right:0px;--awb-border-radius-bottom-left:0px;--awb-padding-top:0px;--awb-padding-right:0px;--awb-padding-bottom:0px;--awb-padding-left:0px;--awb-background-image:url(&quot;http:\/\/www.bembi-barcelona.com\/wp-content\/uploads\/2018\/06\/vinos_header.jpg&quot;);--awb-background-size:cover;--awb-flex-wrap:wrap;\" id=\"cabecera\" ><div class=\"fusion-builder-row fusion-row\"><div class=\"fusion-layout-column fusion_builder_column fusion-builder-column-0 fusion_builder_column_1_1 1_1 fusion-one-full fusion-column-first fusion-column-last fusion-column-no-min-height\" style=\"--awb-bg-blend:overlay;--awb-bg-size:cover;--awb-margin-bottom:0px;\"><div class=\"fusion-column-wrapper fusion-flex-column-wrapper-legacy\"><div class=\"fusion-sep-clear\"><\/div><div class=\"fusion-separator fusion-full-width-sep\" style=\"margin-left: auto;margin-right: auto;margin-top:50px;margin-bottom:50px;width:100%;\"><\/div><div class=\"fusion-sep-clear\"><\/div><div class=\"fusion-text fusion-text-1\"><h1 class=\"menus\">Vins<\/h1>\n<\/div><div class=\"fusion-sep-clear\"><\/div><div class=\"fusion-separator fusion-full-width-sep\" style=\"margin-left: auto;margin-right: auto;margin-top:50px;margin-bottom:50px;width:100%;\"><\/div><div class=\"fusion-sep-clear\"><\/div><div class=\"fusion-clearfix\"><\/div><\/div><\/div><\/div><\/div><div class=\"fusion-fullwidth fullwidth-box fusion-builder-row-2 hundred-percent-fullwidth non-hundred-percent-height-scrolling\" style=\"--awb-background-position:left top;--awb-border-sizes-top:0px;--awb-border-sizes-bottom:0px;--awb-border-sizes-left:0px;--awb-border-sizes-right:0px;--awb-border-color:#ffffff;--awb-border-radius-top-left:0px;--awb-border-radius-top-right:0px;--awb-border-radius-bottom-right:0px;--awb-border-radius-bottom-left:0px;--awb-padding-top:0px;--awb-padding-right:10%;--awb-padding-bottom:0px;--awb-padding-left:10%;--awb-background-color:#ffffff;--awb-flex-wrap:wrap;\" ><div class=\"fusion-builder-row fusion-row\"><div class=\"fusion-layout-column fusion_builder_column fusion-builder-column-1 fusion_builder_column_1_1 1_1 fusion-one-full fusion-column-first fusion-column-last negro centrado\" style=\"--awb-padding-top:40px;--awb-padding-right:40px;--awb-padding-bottom:40px;--awb-padding-left:40px;--awb-bg-color:#ffffff;--awb-bg-color-hover:#ffffff;--awb-bg-size:cover;--awb-margin-bottom:0px;\" id=\"menutexto\"><div class=\"fusion-column-wrapper fusion-flex-column-wrapper-legacy\"><div class=\"fusion-title title fusion-title-1 fusion-title-center fusion-title-text fusion-title-size-two\" style=\"--awb-text-color:var(--awb-color5);--awb-margin-top:40px;--awb-margin-top-small:30px;--awb-margin-bottom-small:15px;--awb-font-size:24px;\"><div class=\"title-sep-container title-sep-container-left\"><div class=\"title-sep sep-single sep-solid\" style=\"border-color:rgba(255,255,255,0.2);\"><\/div><\/div><span class=\"awb-title-spacer\"><\/span><h2 class=\"fusion-title-heading title-heading-center fusion-responsive-typography-calculated\" style=\"font-family:&quot;Open Sans&quot;;font-style:normal;font-weight:400;margin:0;font-size:1em;text-transform:uppercase;--fontSize:24;line-height:1.08;\"><h2>VINS ESPUMOSOS<\/h2><\/h2><span class=\"awb-title-spacer\"><\/span><div class=\"title-sep-container title-sep-container-right\"><div class=\"title-sep sep-single sep-solid\" style=\"border-color:rgba(255,255,255,0.2);\"><\/div><\/div><\/div><div class=\"fusion-sep-clear\"><\/div><div class=\"fusion-separator\" style=\"margin-left: auto;margin-right: auto;margin-top:0px;margin-bottom:20px;width:100%;max-width:50%;\"><div class=\"fusion-separator-border sep-single sep-solid\" style=\"--awb-height:20px;--awb-amount:20px;--awb-sep-color:var(--awb-color5);border-color:var(--awb-color5);border-top-width:1px;\"><\/div><\/div><div class=\"fusion-sep-clear\"><\/div><div class=\"fusion-text fusion-text-2\" style=\"--awb-text-transform:none;\"><p class=\"p1\"><span style=\"color: #c59542;\">DE BOMBOLLA FINA, HARMONIOSOS I GRATS<\/span><\/p>\n<p class=\"p2\"><span class=\"s1\"><b>EUDALD MASSANA BRUT NATURE RESERVA<\/b>\u00a0 \u00a0(<\/span><span class=\"s2\">Copa 4,50 \u2022 Ampolla. 16,50)<br \/>\n<\/span>Macabeo, Xarel.lo i Parellada<\/p>\n<p class=\"p2\"><span class=\"s1\"><b>PRIVAT ROS\u00c9 BRUT NATURE RESERVA Ecol\u00f3gico<\/b><\/span><span class=\"s2\">\u00a0 \u00a0(22.00)<br \/>\n<\/span>Chardonnay i Pinot Noir \u2013 15 mesos crian\u00e7a \u2013 D.O: Cava<\/p>\n<p class=\"p2\"><span class=\"s1\"><b>RECAREDO TERRERS BRUT NATURE Ecol\u00f3gico &amp; Biol\u00f3gico<\/b><\/span><span class=\"s2\">\u00a0 \u00a0(44,00)<br \/>\n<\/span>Xarel.lo, Parellada i Macabeo \u2013 34 mesos crian\u00e7a \u2013 Corpinnat<\/p>\n<\/div><div class=\"fusion-title title fusion-title-2 fusion-title-center fusion-title-text fusion-title-size-two\" style=\"--awb-text-color:var(--awb-color5);--awb-margin-top:40px;--awb-margin-top-small:30px;--awb-margin-bottom-small:15px;--awb-font-size:24px;\"><div class=\"title-sep-container title-sep-container-left\"><div class=\"title-sep sep-single sep-solid\" style=\"border-color:rgba(255,255,255,0.2);\"><\/div><\/div><span class=\"awb-title-spacer\"><\/span><h2 class=\"fusion-title-heading title-heading-center fusion-responsive-typography-calculated\" style=\"font-family:&quot;Open Sans&quot;;font-style:normal;font-weight:400;margin:0;font-size:1em;text-transform:uppercase;--fontSize:24;line-height:1.08;\"><h2>VINS BLANCS<\/h2><\/h2><span class=\"awb-title-spacer\"><\/span><div class=\"title-sep-container title-sep-container-right\"><div class=\"title-sep sep-single sep-solid\" style=\"border-color:rgba(255,255,255,0.2);\"><\/div><\/div><\/div><div class=\"fusion-sep-clear\"><\/div><div class=\"fusion-separator\" style=\"margin-left: auto;margin-right: auto;margin-top:0px;margin-bottom:20px;width:100%;max-width:50%;\"><div class=\"fusion-separator-border sep-single sep-solid\" style=\"--awb-height:20px;--awb-amount:20px;--awb-sep-color:var(--awb-color5);border-color:var(--awb-color5);border-top-width:1px;\"><\/div><\/div><div class=\"fusion-sep-clear\"><\/div><div class=\"fusion-text fusion-text-3\" style=\"--awb-text-transform:none;\"><p class=\"p1\"><span style=\"color: #c59542;\">LLEUGERS, SUAUS I REFRESCANTS <\/span><\/p>\n<p class=\"p2\"><span class=\"s1\"><b>VORA LA MAR\u00a0 \u00a0<\/b>(<\/span><span class=\"s2\">19,00)<br \/>\n<\/span>Pansa Blanca &#8211; D.O. Alella<\/p>\n<p class=\"p2\"><span class=\"s1\"><b>GESSAM\u00cd Ecol\u00f3gico\u00a0 \u00a0<\/b>(<\/span><span class=\"s2\">23,50)<br \/>\n<\/span>Moscatel de gra menut, Sauvignon Blanc i Gew\u00fcrztraminer &#8211; D.O. Pened\u00e9s (afruitat)<\/p>\n<p class=\"p2\"><span class=\"s1\"><b>MARIETA\u00a0 \u00a0<\/b>(<\/span><span class=\"s2\">19.50)<br \/>\n<\/span>Albari\u00f1o &#8211; Semi Seco &#8211; D.O. R\u00edas Baixas<\/p>\n<p class=\"p1\"><span style=\"color: #c59542;\"><span class=\"s3\">DE MIG COS, ENVOLUPANTS I LLARGS<\/span><\/span><\/p>\n<p class=\"p5\"><span class=\"s1\"><b>TAYAIMGUT FRESC\u00a0 \u00a0<\/b>(<\/span>Copa 5.80 \u2022 Ampolla. 23,00)<br \/>\nSauvignon Blanc &#8211; Pened\u00e9s (afruitat)<\/p>\n<p class=\"p2\"><span class=\"s1\"><b>JEAN LEON 3055\u00a0 \u00a0<\/b>(<\/span><span class=\"s2\">41,00)<br \/>\n<\/span>Chardonnay &#8211; D.O. Pened\u00e9s<\/p>\n<p class=\"p2\"><span class=\"s1\"><b>CUATRO RAYAS CUARENTA VENDIMIAS\u00a0 \u00a0<\/b>(<\/span><span class=\"s2\">Copa 4,00 \u2022 Ampolla. 15,50)<br \/>\n<\/span>Verdejo &#8211; D.O. Rueda<\/p>\n<p class=\"p2\"><span class=\"s1\"><b>ROBERT VEDEL CEPAS VIEJAS\u00a0 \u00a0<\/b>(<\/span><span class=\"s2\">25,00)<br \/>\n<\/span>Verdejo &#8211; D.O. Rueda<\/p>\n<p class=\"p2\"><span class=\"s1\"><b>REBELS DE BATEA\u00a0 \u00a0<\/b>(<\/span><span class=\"s2\">21,50)<br \/>\n<\/span>Garnacha Blanca &#8211; D.O. Terra Alta (afruitat)<\/p>\n<p class=\"p5\"><span class=\"s1\"><b>N\u00ba12 BY PACO &amp; LOLA\u00a0 \u00a0<\/b>(<\/span>Copa 6,00 \u2022 Ampolla. 24,00)<br \/>\nAlbari\u00f1o &#8211; R\u00edas Baixas (afruitat)<\/p>\n<p class=\"p2\"><span class=\"s1\"><b>RAM\u00d3N DO CASAR\u00a0 \u00a0<\/b>(<\/span><span class=\"s2\">24,50)<br \/>\n<\/span>Treixadura, Albari\u00f1o i Godello &#8211; D.O Ribeiro (afrutado)<\/p>\n<p class=\"p1\"><span class=\"s3\" style=\"color: #c59542;\">AMB COS, NOTES DE CRIAN\u00c7A I COMPLEX<\/span><\/p>\n<p class=\"p2\"><span class=\"s1\"><b>CHIVITE COLECCI\u00d3N 125\u00a0 \u00a0<\/b>(<\/span><span class=\"s2\">78,00)<br \/>\n<\/span>Chardonnay &#8211; 12 mesos de crian\u00e7a &#8211; D.O. Navarra<\/p>\n<\/div><div class=\"fusion-title title fusion-title-3 fusion-title-center fusion-title-text fusion-title-size-two\" style=\"--awb-text-color:var(--awb-color5);--awb-margin-top:40px;--awb-margin-top-small:30px;--awb-margin-bottom-small:15px;--awb-font-size:24px;\"><div class=\"title-sep-container title-sep-container-left\"><div class=\"title-sep sep-single sep-solid\" style=\"border-color:rgba(255,255,255,0.2);\"><\/div><\/div><span class=\"awb-title-spacer\"><\/span><h2 class=\"fusion-title-heading title-heading-center fusion-responsive-typography-calculated\" style=\"font-family:&quot;Open Sans&quot;;font-style:normal;font-weight:400;margin:0;font-size:1em;text-transform:uppercase;--fontSize:24;line-height:1.08;\"><h2>VINS ROSATS<\/h2><\/h2><span class=\"awb-title-spacer\"><\/span><div class=\"title-sep-container title-sep-container-right\"><div class=\"title-sep sep-single sep-solid\" style=\"border-color:rgba(255,255,255,0.2);\"><\/div><\/div><\/div><div class=\"fusion-sep-clear\"><\/div><div class=\"fusion-separator\" style=\"margin-left: auto;margin-right: auto;margin-top:0px;margin-bottom:20px;width:100%;max-width:50%;\"><div class=\"fusion-separator-border sep-single sep-solid\" style=\"--awb-height:20px;--awb-amount:20px;--awb-sep-color:var(--awb-color5);border-color:var(--awb-color5);border-top-width:1px;\"><\/div><\/div><div class=\"fusion-sep-clear\"><\/div><div class=\"fusion-text fusion-text-4\"><p class=\"p1\"><span style=\"color: #c59542;\">ELEGANTS AMB PERSONALITAT<\/span><\/p>\n<p class=\"p2\"><span class=\"s1\"><b>VICTORIA de Jos\u00e9 Pariente\u00a0 \u00a0<\/b>(<\/span><span class=\"s2\">25,00)<br \/>\n<\/span>Garnacha Tinta, Tempranillo i Viogner &#8211; IGP Castilla y Le\u00f3n<\/p>\n<p class=\"p2\"><span class=\"s1\"><b>PINKGALL by David Seijas\u00a0 \u00a0<\/b>(<\/span><span class=\"s2\">22,00)<br \/>\n<\/span>Garnacha Blanca, Garnacha Cris i Garnacha Tinta &#8211; D.O. Navarra<\/p>\n<p class=\"p2\"><span class=\"s1\"><b>AGUST\u00cd TORELL\u00d3 MATA XV Ecol\u00f3gico\u00a0 \u00a0<\/b>(<\/span><span class=\"s2\">Copa 4,50 \u2022 Ampolla. 17,50)<br \/>\n<\/span>Xarel\u00b7lo Vermell &#8211; D.O. Pened\u00e9s<\/p>\n<\/div><div class=\"fusion-title title fusion-title-4 fusion-title-center fusion-title-text fusion-title-size-two\" style=\"--awb-text-color:var(--awb-color5);--awb-margin-top:40px;--awb-margin-top-small:30px;--awb-margin-bottom-small:15px;--awb-font-size:24px;\"><div class=\"title-sep-container title-sep-container-left\"><div class=\"title-sep sep-single sep-solid\" style=\"border-color:rgba(255,255,255,0.2);\"><\/div><\/div><span class=\"awb-title-spacer\"><\/span><h2 class=\"fusion-title-heading title-heading-center fusion-responsive-typography-calculated\" style=\"font-family:&quot;Open Sans&quot;;font-style:normal;font-weight:400;margin:0;font-size:1em;text-transform:uppercase;--fontSize:24;line-height:1.08;\"><h2>VINS NEGRES<\/h2><\/h2><span class=\"awb-title-spacer\"><\/span><div class=\"title-sep-container title-sep-container-right\"><div class=\"title-sep sep-single sep-solid\" style=\"border-color:rgba(255,255,255,0.2);\"><\/div><\/div><\/div><div class=\"fusion-sep-clear\"><\/div><div class=\"fusion-separator\" style=\"margin-left: auto;margin-right: auto;margin-top:0px;margin-bottom:20px;width:100%;max-width:50%;\"><div class=\"fusion-separator-border sep-single sep-solid\" style=\"--awb-height:20px;--awb-amount:20px;--awb-sep-color:var(--awb-color5);border-color:var(--awb-color5);border-top-width:1px;\"><\/div><\/div><div class=\"fusion-sep-clear\"><\/div><div class=\"fusion-text fusion-text-5\"><p class=\"p1\"><span style=\"color: #c59542;\">\u00a0LLEUGERS, SUAUS I SUCOSOS<\/span><\/p>\n<p class=\"p2\"><span class=\"s1\"><b>VI\u00d1A SALCEDA<\/b><\/span>\u00a0 \u00a0(Copa 4,50 \u2022 Ampolla. 18,00)<br \/>\n<span class=\"s2\">Tempranillo, Graciano i Mazuela &#8211; 12 mesos de crian\u00e7a &#8211; D.O. La Rioja<\/span><\/p>\n<p class=\"p4\"><span class=\"s1\"><b>CELESTE\u00a0 \u00a0<\/b>(<\/span><span class=\"s3\">21,50)<br \/>\n<\/span><span class=\"s2\">Tinto Fino &#8211; 3 mesos de crian\u00e7a &#8211; D.O. Ribera del Duero <\/span><\/p>\n<p class=\"p1\"><span style=\"color: #c59542;\">DE MIG COS, ENVOLUPANTS I MADURS<\/span><\/p>\n<p class=\"p4\"><span class=\"s1\"><b>DOMINIO DE TARES CEPAS VIEJAS\u00a0 \u00a0<\/b>(<\/span><span class=\"s3\">33,00)<br \/>\n<\/span>Menc\u00eda &#8211; 9 mesos en barrica &#8211; D.O. Bierzo<\/p>\n<p class=\"p2\"><span class=\"s1\"><b>MAS RABELL\u00a0 \u00a0<\/b>(<\/span>Copa 4,00 \u2022 Ampolla. 15,50)<br \/>\nCari\u00f1ena i Garnacha Tinta &#8211; 6 mesos de crian\u00e7a &#8211; D.O. Catalu\u00f1a<\/p>\n<p class=\"p4\"><span class=\"s1\"><b>RAM\u00d3N BILBAO EDICI\u00d3 LIMITADA\u00a0 \u00a0<\/b>(<\/span><span class=\"s3\">24,00)<br \/>\n<\/span>Tempranillo &#8211; 14 mesos en barrica &#8211; D.O. La Rio<span class=\"s4\"><b>j<\/b><\/span>a<\/p>\n<p class=\"p4\"><span class=\"s1\"><b>AMAREN RESERVA 60 Familia Luis Ca\u00f1as\u00a0 \u00a0<\/b>(<\/span><span class=\"s3\">60,00)<br \/>\n<\/span>Tempranillo &#8211; 22 mesos de crian\u00e7a &#8211; D.O. La Rioja<\/p>\n<p class=\"p4\"><span class=\"s1\"><b>MATARROMERA\u00a0 \u00a0<\/b>(<\/span><span class=\"s3\">38,00)<br \/>\n<\/span>Tinta del Pa\u00eds -14 meses de crianza &#8211; D.O. Ribera del Duero<\/p>\n<p class=\"p1\"><span style=\"color: #c59542;\">AMB COS, ESTRUCTURATS I CARNOSOS<\/span><\/p>\n<p class=\"p4\"><span class=\"s1\"><b>BORSAO TRES PICOS<\/b><\/span><span class=\"s3\">\u00a0 \u00a0(32,00)<br \/>\n<\/span>Garnacha Tinta &#8211; 5 mesos en barrica &#8211; D.O. Campo de Borja<\/p>\n<p class=\"p4\"><span class=\"s1\"><b>TERR\u00cdCOLA\u00a0 \u00a0<\/b>(<\/span><span class=\"s3\">27,50)<br \/>\n<\/span>Garnacha, Cari\u00f1ena, Cabernet Sauvignon i Syrah &#8211; 9 mesos de crian\u00e7a &#8211; D.O. Montsant<\/p>\n<p class=\"p4\"><span class=\"s1\"><b>BELLMUNT Mas d\u2019en Gil\u00a0 \u00a0<\/b>(<\/span><span class=\"s3\">32,00)<br \/>\n<\/span>Cari\u00f1ena i Garnacha Tinta -10 mesos de crian\u00e7a &#8211; D.O.Ca. Priorat<\/p>\n<p class=\"p4\"><span class=\"s1\"><b>XR de Marqu\u00e9s de Riscal<\/b><\/span><span class=\"s3\">\u00a0 \u00a0(40,00)<br \/>\n<\/span>Tempranillo i Graciano &#8211; 24 mesos de crian\u00e7a &#8211; D.O. La Rioja<\/p>\n<\/div><div class=\"fusion-clearfix\"><\/div><\/div><\/div><\/div><\/div><div class=\"fusion-fullwidth fullwidth-box fusion-builder-row-3 hundred-percent-fullwidth non-hundred-percent-height-scrolling fusion-equal-height-columns\" style=\"--awb-background-position:left top;--awb-border-sizes-top:2px;--awb-border-sizes-bottom:2px;--awb-border-sizes-left:0px;--awb-border-sizes-right:0px;--awb-border-color:#ffffff;--awb-border-radius-top-left:0px;--awb-border-radius-top-right:0px;--awb-border-radius-bottom-right:0px;--awb-border-radius-bottom-left:0px;--awb-padding-right:0px;--awb-padding-bottom:0px;--awb-padding-left:0px;--awb-background-color:#ffffff;--awb-flex-wrap:wrap;\" ><div class=\"fusion-builder-row fusion-row\"><div class=\"fusion-layout-column fusion_builder_column fusion-builder-column-2 fusion_builder_column_1_1 1_1 fusion-one-full fusion-column-first fusion-column-last\" style=\"--awb-padding-top:9%;--awb-padding-right:9%;--awb-padding-bottom:9%;--awb-padding-left:9%;--awb-bg-color:#c59542;--awb-bg-color-hover:#c59542;--awb-bg-image:url(&#039;http:\/\/www.bembi-barcelona.com\/wp-content\/uploads\/2016\/06\/call_to_action_4.jpg&#039;);--awb-bg-position:center bottom;--awb-bg-size:cover;--awb-margin-bottom:0px;\"><div class=\"fusion-column-wrapper fusion-flex-column-wrapper-legacy fusion-column-has-bg-image\" data-bg-url=\"http:\/\/www.bembi-barcelona.com\/wp-content\/uploads\/2016\/06\/call_to_action_4.jpg\"><div class=\"fusion-column-content-centered\"><div class=\"fusion-column-content\"><div class=\"fusion-text fusion-text-6\"><h2 style=\"text-align: center; margin-bottom: 1px;\">Vine a probar-ho!<\/h2>\n<p style=\"text-align: center; margin-bottom: 40px; font-size: 22px; color: #ffffff; font-weight: 500;\">Exp\u00e8riencia Bemb\u00ec<\/p>\n<\/div><div class=\"fusion-aligncenter\"><a class=\"fusion-button button-flat button-large button-custom fusion-button-default button-1 fusion-button-default-span fusion-button-default-type fusion-animated\" style=\"--button_accent_color:#ffffff;--button_border_color:#ffffff;--button_accent_hover_color:#ffffff;--button_border_hover_color:#ffffff;--button_border_width-top:1px;--button_border_width-right:1px;--button_border_width-bottom:1px;--button_border_width-left:1px;--button_gradient_top_color:transparent;--button_gradient_bottom_color:transparent;--button_gradient_top_color_hover:transparent;--button_gradient_bottom_color_hover:transparent;\" data-animationType=\"fadeInUp\" data-animationDuration=\"1\" data-animationOffset=\"top-into-view\" target=\"_blank\" rel=\"noopener noreferrer\" href=\"https:\/\/www.bembi-barcelona.com\/ca\/reservar\/\"><span class=\"fusion-button-text\">RESERVA ARA<\/span><\/a><\/div><\/div><\/div><div class=\"fusion-clearfix\"><\/div><\/div><\/div><\/div><\/div><\/p>\n","protected":false},"excerpt":{"rendered":"","protected":false},"author":2,"featured_media":0,"parent":3306,"menu_order":0,"comment_status":"closed","ping_status":"closed","template":"100-width.php","meta":[],"yoast_head":"<!-- This site is optimized with the Yoast SEO plugin v20.12 - https:\/\/yoast.com\/wordpress\/plugins\/seo\/ -->\n<title>Vins - Bembi<\/title>\n<meta name=\"robots\" content=\"index, follow, max-snippet:-1, max-image-preview:large, max-video-preview:-1\" \/>\n<link rel=\"canonical\" href=\"https:\/\/www.bembi-barcelona.com\/ca\/la-carta\/vins\/\" \/>\n<meta property=\"og:locale\" content=\"ca_ES\" \/>\n<meta property=\"og:type\" content=\"article\" \/>\n<meta property=\"og:title\" content=\"Vins - Bembi\" \/>\n<meta property=\"og:url\" content=\"https:\/\/www.bembi-barcelona.com\/ca\/la-carta\/vins\/\" \/>\n<meta property=\"og:site_name\" content=\"Bembi\" \/>\n<meta property=\"article:modified_time\" content=\"2024-05-14T11:07:59+00:00\" \/>\n<meta name=\"twitter:card\" content=\"summary_large_image\" \/>\n<meta name=\"twitter:label1\" content=\"Temps estimat de lectura\" \/>\n\t<meta name=\"twitter:data1\" content=\"6 minuts\" \/>\n<script type=\"application\/ld+json\" class=\"yoast-schema-graph\">{\"@context\":\"https:\/\/schema.org\",\"@graph\":[{\"@type\":\"WebPage\",\"@id\":\"https:\/\/www.bembi-barcelona.com\/ca\/la-carta\/vins\/\",\"url\":\"https:\/\/www.bembi-barcelona.com\/ca\/la-carta\/vins\/\",\"name\":\"Vins - Bembi\",\"isPartOf\":{\"@id\":\"https:\/\/www.bembi-barcelona.com\/#website\"},\"datePublished\":\"2023-08-04T10:20:52+00:00\",\"dateModified\":\"2024-05-14T11:07:59+00:00\",\"breadcrumb\":{\"@id\":\"https:\/\/www.bembi-barcelona.com\/ca\/la-carta\/vins\/#breadcrumb\"},\"inLanguage\":\"ca\",\"potentialAction\":[{\"@type\":\"ReadAction\",\"target\":[\"https:\/\/www.bembi-barcelona.com\/ca\/la-carta\/vins\/\"]}]},{\"@type\":\"BreadcrumbList\",\"@id\":\"https:\/\/www.bembi-barcelona.com\/ca\/la-carta\/vins\/#breadcrumb\",\"itemListElement\":[{\"@type\":\"ListItem\",\"position\":1,\"name\":\"Portada\",\"item\":\"https:\/\/www.bembi-barcelona.com\/ca\/\"},{\"@type\":\"ListItem\",\"position\":2,\"name\":\"La Carta\",\"item\":\"https:\/\/www.bembi-barcelona.com\/ca\/la-carta\/\"},{\"@type\":\"ListItem\",\"position\":3,\"name\":\"Vins\"}]},{\"@type\":\"WebSite\",\"@id\":\"https:\/\/www.bembi-barcelona.com\/#website\",\"url\":\"https:\/\/www.bembi-barcelona.com\/\",\"name\":\"Bembi\",\"description\":\"Restaurante de comida India en Barcelona\",\"publisher\":{\"@id\":\"https:\/\/www.bembi-barcelona.com\/#organization\"},\"potentialAction\":[{\"@type\":\"SearchAction\",\"target\":{\"@type\":\"EntryPoint\",\"urlTemplate\":\"https:\/\/www.bembi-barcelona.com\/?s={search_term_string}\"},\"query-input\":\"required name=search_term_string\"}],\"inLanguage\":\"ca\"},{\"@type\":\"Organization\",\"@id\":\"https:\/\/www.bembi-barcelona.com\/#organization\",\"name\":\"Restaurante Bembi\",\"url\":\"https:\/\/www.bembi-barcelona.com\/\",\"logo\":{\"@type\":\"ImageObject\",\"inLanguage\":\"ca\",\"@id\":\"https:\/\/www.bembi-barcelona.com\/#\/schema\/logo\/image\/\",\"url\":\"https:\/\/www.bembi-barcelona.com\/wp-content\/uploads\/2020\/04\/logo_Bembi_2016.jpg\",\"contentUrl\":\"https:\/\/www.bembi-barcelona.com\/wp-content\/uploads\/2020\/04\/logo_Bembi_2016.jpg\",\"width\":1500,\"height\":1012,\"caption\":\"Restaurante Bembi\"},\"image\":{\"@id\":\"https:\/\/www.bembi-barcelona.com\/#\/schema\/logo\/image\/\"}}]}<\/script>\n<!-- \/ Yoast SEO plugin. -->","yoast_head_json":{"title":"Vins - Bembi","robots":{"index":"index","follow":"follow","max-snippet":"max-snippet:-1","max-image-preview":"max-image-preview:large","max-video-preview":"max-video-preview:-1"},"canonical":"https:\/\/www.bembi-barcelona.com\/ca\/la-carta\/vins\/","og_locale":"ca_ES","og_type":"article","og_title":"Vins - Bembi","og_url":"https:\/\/www.bembi-barcelona.com\/ca\/la-carta\/vins\/","og_site_name":"Bembi","article_modified_time":"2024-05-14T11:07:59+00:00","twitter_card":"summary_large_image","twitter_misc":{"Temps estimat de lectura":"6 minuts"},"schema":{"@context":"https:\/\/schema.org","@graph":[{"@type":"WebPage","@id":"https:\/\/www.bembi-barcelona.com\/ca\/la-carta\/vins\/","url":"https:\/\/www.bembi-barcelona.com\/ca\/la-carta\/vins\/","name":"Vins - Bembi","isPartOf":{"@id":"https:\/\/www.bembi-barcelona.com\/#website"},"datePublished":"2023-08-04T10:20:52+00:00","dateModified":"2024-05-14T11:07:59+00:00","breadcrumb":{"@id":"https:\/\/www.bembi-barcelona.com\/ca\/la-carta\/vins\/#breadcrumb"},"inLanguage":"ca","potentialAction":[{"@type":"ReadAction","target":["https:\/\/www.bembi-barcelona.com\/ca\/la-carta\/vins\/"]}]},{"@type":"BreadcrumbList","@id":"https:\/\/www.bembi-barcelona.com\/ca\/la-carta\/vins\/#breadcrumb","itemListElement":[{"@type":"ListItem","position":1,"name":"Portada","item":"https:\/\/www.bembi-barcelona.com\/ca\/"},{"@type":"ListItem","position":2,"name":"La Carta","item":"https:\/\/www.bembi-barcelona.com\/ca\/la-carta\/"},{"@type":"ListItem","position":3,"name":"Vins"}]},{"@type":"WebSite","@id":"https:\/\/www.bembi-barcelona.com\/#website","url":"https:\/\/www.bembi-barcelona.com\/","name":"Bembi","description":"Restaurante de comida India en Barcelona","publisher":{"@id":"https:\/\/www.bembi-barcelona.com\/#organization"},"potentialAction":[{"@type":"SearchAction","target":{"@type":"EntryPoint","urlTemplate":"https:\/\/www.bembi-barcelona.com\/?s={search_term_string}"},"query-input":"required name=search_term_string"}],"inLanguage":"ca"},{"@type":"Organization","@id":"https:\/\/www.bembi-barcelona.com\/#organization","name":"Restaurante Bembi","url":"https:\/\/www.bembi-barcelona.com\/","logo":{"@type":"ImageObject","inLanguage":"ca","@id":"https:\/\/www.bembi-barcelona.com\/#\/schema\/logo\/image\/","url":"https:\/\/www.bembi-barcelona.com\/wp-content\/uploads\/2020\/04\/logo_Bembi_2016.jpg","contentUrl":"https:\/\/www.bembi-barcelona.com\/wp-content\/uploads\/2020\/04\/logo_Bembi_2016.jpg","width":1500,"height":1012,"caption":"Restaurante Bembi"},"image":{"@id":"https:\/\/www.bembi-barcelona.com\/#\/schema\/logo\/image\/"}}]}},"_links":{"self":[{"href":"https:\/\/www.bembi-barcelona.com\/ca\/wp-json\/wp\/v2\/pages\/3478"}],"collection":[{"href":"https:\/\/www.bembi-barcelona.com\/ca\/wp-json\/wp\/v2\/pages"}],"about":[{"href":"https:\/\/www.bembi-barcelona.com\/ca\/wp-json\/wp\/v2\/types\/page"}],"author":[{"embeddable":true,"href":"https:\/\/www.bembi-barcelona.com\/ca\/wp-json\/wp\/v2\/users\/2"}],"replies":[{"embeddable":true,"href":"https:\/\/www.bembi-barcelona.com\/ca\/wp-json\/wp\/v2\/comments?post=3478"}],"version-history":[{"count":2,"href":"https:\/\/www.bembi-barcelona.com\/ca\/wp-json\/wp\/v2\/pages\/3478\/revisions"}],"predecessor-version":[{"id":3480,"href":"https:\/\/www.bembi-barcelona.com\/ca\/wp-json\/wp\/v2\/pages\/3478\/revisions\/3480"}],"up":[{"embeddable":true,"href":"https:\/\/www.bembi-barcelona.com\/ca\/wp-json\/wp\/v2\/pages\/3306"}],"wp:attachment":[{"href":"https:\/\/www.bembi-barcelona.com\/ca\/wp-json\/wp\/v2\/media?parent=3478"}],"curies":[{"name":"wp","href":"https:\/\/api.w.org\/{rel}","templated":true}]}}