{"id":3471,"date":"2023-08-04T20:41:46","date_gmt":"2023-08-04T19:41:46","guid":{"rendered":"https:\/\/www.bembi-barcelona.com\/?page_id=3471"},"modified":"2024-05-14T11:08:48","modified_gmt":"2024-05-14T10:08:48","slug":"postres","status":"publish","type":"page","link":"https:\/\/www.bembi-barcelona.com\/ca\/la-carta\/postres\/","title":{"rendered":"Postres"},"content":{"rendered":"<p><div class=\"fusion-fullwidth fullwidth-box fusion-builder-row-1 fusion-parallax-none hundred-percent-fullwidth non-hundred-percent-height-scrolling\" style=\"--awb-border-sizes-top:0px;--awb-border-sizes-bottom:0px;--awb-border-sizes-left:0px;--awb-border-sizes-right:0px;--awb-border-color:#ffffff;--awb-border-radius-top-left:0px;--awb-border-radius-top-right:0px;--awb-border-radius-bottom-right:0px;--awb-border-radius-bottom-left:0px;--awb-padding-top:0px;--awb-padding-right:0px;--awb-padding-bottom:0px;--awb-padding-left:0px;--awb-background-image:url(&quot;http:\/\/www.bembi-barcelona.com\/wp-content\/uploads\/2016\/03\/Flan-de-coco_web.jpg&quot;);--awb-background-size:cover;--awb-flex-wrap:wrap;\" id=\"cabecera\" ><div class=\"fusion-builder-row fusion-row\"><div class=\"fusion-layout-column fusion_builder_column fusion-builder-column-0 fusion_builder_column_1_1 1_1 fusion-one-full fusion-column-first fusion-column-last fusion-column-no-min-height\" style=\"--awb-bg-blend:overlay;--awb-bg-size:cover;--awb-margin-bottom:0px;\"><div class=\"fusion-column-wrapper fusion-flex-column-wrapper-legacy\"><div class=\"fusion-sep-clear\"><\/div><div class=\"fusion-separator fusion-full-width-sep\" style=\"margin-left: auto;margin-right: auto;margin-top:50px;margin-bottom:50px;width:100%;\"><\/div><div class=\"fusion-sep-clear\"><\/div><div class=\"fusion-text fusion-text-1\"><h1 class=\"menus\">Postres<\/h1>\n<\/div><div class=\"fusion-sep-clear\"><\/div><div class=\"fusion-separator fusion-full-width-sep\" style=\"margin-left: auto;margin-right: auto;margin-top:50px;margin-bottom:50px;width:100%;\"><\/div><div class=\"fusion-sep-clear\"><\/div><div class=\"fusion-clearfix\"><\/div><\/div><\/div><\/div><\/div><div class=\"fusion-fullwidth fullwidth-box fusion-builder-row-2 hundred-percent-fullwidth non-hundred-percent-height-scrolling\" style=\"--awb-background-position:left top;--awb-border-sizes-top:0px;--awb-border-sizes-bottom:0px;--awb-border-sizes-left:0px;--awb-border-sizes-right:0px;--awb-border-color:#ffffff;--awb-border-radius-top-left:0px;--awb-border-radius-top-right:0px;--awb-border-radius-bottom-right:0px;--awb-border-radius-bottom-left:0px;--awb-padding-top:0px;--awb-padding-right:10%;--awb-padding-bottom:0px;--awb-padding-left:10%;--awb-background-color:#ffffff;--awb-flex-wrap:wrap;\" ><div class=\"fusion-builder-row fusion-row\"><div class=\"fusion-layout-column fusion_builder_column fusion-builder-column-1 fusion_builder_column_1_1 1_1 fusion-one-full fusion-column-first fusion-column-last negro centrado\" style=\"--awb-padding-top:40px;--awb-padding-right:40px;--awb-padding-bottom:40px;--awb-padding-left:40px;--awb-bg-color:#ffffff;--awb-bg-color-hover:#ffffff;--awb-bg-size:cover;--awb-margin-bottom:0px;\" id=\"menutexto\"><div class=\"fusion-column-wrapper fusion-flex-column-wrapper-legacy\"><div class=\"fusion-title title fusion-title-1 fusion-title-center fusion-title-text fusion-title-size-two\" style=\"--awb-text-color:var(--awb-color5);--awb-margin-top:40px;--awb-margin-top-small:30px;--awb-margin-bottom-small:15px;--awb-font-size:24px;\"><div class=\"title-sep-container title-sep-container-left\"><div class=\"title-sep sep-single sep-solid\" style=\"border-color:rgba(255,255,255,0.2);\"><\/div><\/div><span class=\"awb-title-spacer\"><\/span><h2 class=\"fusion-title-heading title-heading-center fusion-responsive-typography-calculated\" style=\"font-family:&quot;Open Sans&quot;;font-style:normal;font-weight:400;margin:0;font-size:1em;text-transform:uppercase;--fontSize:24;line-height:1.08;\"><h2>POSTRES<\/h2><\/h2><span class=\"awb-title-spacer\"><\/span><div class=\"title-sep-container title-sep-container-right\"><div class=\"title-sep sep-single sep-solid\" style=\"border-color:rgba(255,255,255,0.2);\"><\/div><\/div><\/div><div class=\"fusion-sep-clear\"><\/div><div class=\"fusion-separator\" style=\"margin-left: auto;margin-right: auto;margin-top:0px;margin-bottom:20px;width:100%;max-width:50%;\"><div class=\"fusion-separator-border sep-single sep-solid\" style=\"--awb-height:20px;--awb-amount:20px;--awb-sep-color:var(--awb-color5);border-color:var(--awb-color5);border-top-width:1px;\"><\/div><\/div><div class=\"fusion-sep-clear\"><\/div><div class=\"fusion-text fusion-text-2\" style=\"--awb-text-color:var(--awb-color8);\"><p><strong>P\u00daDING DE COCO<\/strong>\u00a0 \u00a0(6,60)<br \/>\nSuau i crem\u00f3s p\u00fading de coco banyat amb salsa de caramel.<\/p>\n<p><strong>GULAB JAMUN AMB GELAT DE VAINILLA<\/strong>\u00a0 \u00a0(6,80)<br \/>\nEsponjoses boletes del nostre alm\u00edvar de llet servides amb xarop de canyella i gelat de vainilla.<\/p>\n<p><strong>IOGURT DE MANGO<\/strong>\u00a0 \u00a0(6,10)<br \/>\nIogurt casol\u00e0 de mango al vapor.<\/p>\n<p><strong>BROWNIE DE XOCOLATA<\/strong>\u00a0 \u00a0 (6,80)<br \/>\nBrownie casol\u00e0 de xocolata i nous &#8211; Recomanat pel Xef.<\/p>\n<p><strong>KULFI<\/strong>\u00a0 \u00a0(6,50)<br \/>\nGelat amb sabor a Mango o Festuc &#8211; La versi\u00f3 \u00edndia del gelat.<\/p>\n<p><strong>GELAT<\/strong> \u00a0(5,50)<br \/>\nVainilla \/ Mango<\/p>\n<p><span style=\"color: #c59542;\">PER A ACOMPANYAR LES TEVES POSTRES<\/span><\/p>\n<p><strong>MOSCATEL JORGE ORD\u00d3\u00d1EZ N1 SELECCI\u00d3N ESPECIAL\u00a0 \u00a0<\/strong>(Copa 6,50 \/ Botella 19,00)<\/p>\n<\/div><div class=\"fusion-title title fusion-title-2 fusion-title-center fusion-title-text fusion-title-size-two\" style=\"--awb-text-color:var(--awb-color5);--awb-margin-top:40px;--awb-margin-top-small:30px;--awb-margin-bottom-small:15px;--awb-font-size:24px;\"><div class=\"title-sep-container title-sep-container-left\"><div class=\"title-sep sep-single sep-solid\" style=\"border-color:rgba(255,255,255,0.2);\"><\/div><\/div><span class=\"awb-title-spacer\"><\/span><h2 class=\"fusion-title-heading title-heading-center fusion-responsive-typography-calculated\" style=\"font-family:&quot;Open Sans&quot;;font-style:normal;font-weight:400;margin:0;font-size:1em;text-transform:uppercase;--fontSize:24;line-height:1.08;\"><h2>LASSI<\/h2><\/h2><span class=\"awb-title-spacer\"><\/span><div class=\"title-sep-container title-sep-container-right\"><div class=\"title-sep sep-single sep-solid\" style=\"border-color:rgba(255,255,255,0.2);\"><\/div><\/div><\/div><div class=\"fusion-sep-clear\"><\/div><div class=\"fusion-separator\" style=\"margin-left: auto;margin-right: auto;margin-top:0px;margin-bottom:20px;width:100%;max-width:50%;\"><div class=\"fusion-separator-border sep-single sep-solid\" style=\"--awb-height:20px;--awb-amount:20px;--awb-sep-color:var(--awb-color5);border-color:var(--awb-color5);border-top-width:1px;\"><\/div><\/div><div class=\"fusion-sep-clear\"><\/div><div class=\"fusion-text fusion-text-3\"><p><strong>MANGO LASSI<\/strong>\u00a0 \u00a0(5,10)<br \/>\nBeguda a base de iogurt amb mango<\/p>\n<p><b>LASSI DOL\u00c7<\/b>\u00a0 \u00a0(4,50)<br \/>\nBeguda a base de iogurt amb sucre i festuc<\/p>\n<p><b> LASSI SALAT<\/b>\u00a0 \u00a0(4,50)<br \/>\nBeguda a base de iogurt amb sal i com\u00ed torrat<\/p>\n<\/div><div class=\"fusion-title title fusion-title-3 fusion-title-center fusion-title-text fusion-title-size-two\" style=\"--awb-text-color:var(--awb-color5);--awb-margin-top:40px;--awb-margin-top-small:30px;--awb-margin-bottom-small:15px;--awb-font-size:24px;\"><div class=\"title-sep-container title-sep-container-left\"><div class=\"title-sep sep-single sep-solid\" style=\"border-color:rgba(255,255,255,0.2);\"><\/div><\/div><span class=\"awb-title-spacer\"><\/span><h2 class=\"fusion-title-heading title-heading-center fusion-responsive-typography-calculated\" style=\"font-family:&quot;Open Sans&quot;;font-style:normal;font-weight:400;margin:0;font-size:1em;text-transform:uppercase;--fontSize:24;line-height:1.08;\"><h2>CAF\u00c8S<\/h2><\/h2><span class=\"awb-title-spacer\"><\/span><div class=\"title-sep-container title-sep-container-right\"><div class=\"title-sep sep-single sep-solid\" style=\"border-color:rgba(255,255,255,0.2);\"><\/div><\/div><\/div><div class=\"fusion-sep-clear\"><\/div><div class=\"fusion-separator\" style=\"margin-left: auto;margin-right: auto;margin-top:0px;margin-bottom:20px;width:100%;max-width:50%;\"><div class=\"fusion-separator-border sep-single sep-solid\" style=\"--awb-height:20px;--awb-amount:20px;--awb-sep-color:var(--awb-color5);border-color:var(--awb-color5);border-top-width:1px;\"><\/div><\/div><div class=\"fusion-sep-clear\"><\/div><div class=\"fusion-text fusion-text-4\"><p><strong>CAF\u00c8 AMB LLET<\/strong>\u00a0 \u00a0(2,50)<\/p>\n<p><strong>CAPPUCCINO<\/strong>\u00a0 \u00a0(2,70)<\/p>\n<p><strong>CAF\u00c8 SOL<\/strong>\u00a0 \u00a0(1,60)<\/p>\n<p><strong>CAF\u00c8 DOBLE<\/strong>\u00a0 \u00a0(2,20)<\/p>\n<p><strong>TALLAT<\/strong>\u00a0 \u00a0(1,75)<\/p>\n<p><strong>CAF\u00c8 AMB GEL<\/strong>\u00a0 \u00a0(1,65)<\/p>\n<p><strong>CIGAL\u00d3<\/strong>\u00a0 \u00a0(3,20)<\/p>\n<p><strong>CAF\u00c8 IRLAND\u00c8S<\/strong>\u00a0 \u00a0(7,50)<\/p>\n<\/div><div class=\"fusion-title title fusion-title-4 fusion-title-center fusion-title-text fusion-title-size-two\" style=\"--awb-text-color:var(--awb-color5);--awb-margin-top:40px;--awb-margin-top-small:30px;--awb-margin-bottom-small:15px;--awb-font-size:24px;\"><div class=\"title-sep-container title-sep-container-left\"><div class=\"title-sep sep-single sep-solid\" style=\"border-color:rgba(255,255,255,0.2);\"><\/div><\/div><span class=\"awb-title-spacer\"><\/span><h2 class=\"fusion-title-heading title-heading-center fusion-responsive-typography-calculated\" style=\"font-family:&quot;Open Sans&quot;;font-style:normal;font-weight:400;margin:0;font-size:1em;text-transform:uppercase;--fontSize:24;line-height:1.08;\"><h2>INFUSIONS<\/h2><\/h2><span class=\"awb-title-spacer\"><\/span><div class=\"title-sep-container title-sep-container-right\"><div class=\"title-sep sep-single sep-solid\" style=\"border-color:rgba(255,255,255,0.2);\"><\/div><\/div><\/div><div class=\"fusion-sep-clear\"><\/div><div class=\"fusion-separator\" style=\"margin-left: auto;margin-right: auto;margin-top:0px;margin-bottom:20px;width:100%;max-width:50%;\"><div class=\"fusion-separator-border sep-single sep-solid\" style=\"--awb-height:20px;--awb-amount:20px;--awb-sep-color:var(--awb-color5);border-color:var(--awb-color5);border-top-width:1px;\"><\/div><\/div><div class=\"fusion-sep-clear\"><\/div><div class=\"fusion-text fusion-text-5\"><p><strong>CAMAMILLA<\/strong> \u00a0(2,60)<br \/>\nInfusi\u00f3 digestiva i relaxant.<\/p>\n<p><strong>MENTA POLIOL<\/strong>\u00a0 \u00a0(2,60)<br \/>\nInfusi\u00f3 arom\u00e0tica &#8211; Ideal per a acabar un bon menjar.<\/p>\n<p><strong>ROIBOS DE FRUITA FRESCA<\/strong>\u00a0 \u00a0(2,60)<br \/>\nRefrescant combinaci\u00f3 de roibos amb flors i fruites.<\/p>\n<\/div><div class=\"fusion-title title fusion-title-5 fusion-title-center fusion-title-text fusion-title-size-two\" style=\"--awb-text-color:var(--awb-color5);--awb-margin-top:40px;--awb-margin-top-small:30px;--awb-margin-bottom-small:15px;--awb-font-size:24px;\"><div class=\"title-sep-container title-sep-container-left\"><div class=\"title-sep sep-single sep-solid\" style=\"border-color:rgba(255,255,255,0.2);\"><\/div><\/div><span class=\"awb-title-spacer\"><\/span><h2 class=\"fusion-title-heading title-heading-center fusion-responsive-typography-calculated\" style=\"font-family:&quot;Open Sans&quot;;font-style:normal;font-weight:400;margin:0;font-size:1em;text-transform:uppercase;--fontSize:24;line-height:1.08;\"><h2>TES<\/h2><\/h2><span class=\"awb-title-spacer\"><\/span><div class=\"title-sep-container title-sep-container-right\"><div class=\"title-sep sep-single sep-solid\" style=\"border-color:rgba(255,255,255,0.2);\"><\/div><\/div><\/div><div class=\"fusion-sep-clear\"><\/div><div class=\"fusion-separator\" style=\"margin-left: auto;margin-right: auto;margin-top:0px;margin-bottom:20px;width:100%;max-width:50%;\"><div class=\"fusion-separator-border sep-single sep-solid\" style=\"--awb-height:20px;--awb-amount:20px;--awb-sep-color:var(--awb-color5);border-color:var(--awb-color5);border-top-width:1px;\"><\/div><\/div><div class=\"fusion-sep-clear\"><\/div><div class=\"fusion-text fusion-text-6\"><p><strong>CHAI MASALA\u00a0<\/strong>\u00a0 (3,00)<br \/>\nTe cl\u00e0ssic de l&#8217;\u00cdndia acuradament aromatitzat amb esp\u00e8cies les fresques de clau, canyella, nou moscada, gingebre, cardamom i pebre. Se serveix amb llet.<\/p>\n<p><strong>TE NEGRE<\/strong><\/p>\n<p>T\u00c9 DARJEELING\u00a0 \u00a0(2,70)<br \/>\nUna infusi\u00f3 de cos lleuger, de color clar i aroma floral &#8211; El te m\u00e9s fam\u00f3s de l&#8217;\u00cdndia.<br \/>\nENGLISH BREAKFAST\u00a0 \u00a0(2,60)<br \/>\nMescla dels millors tes de Ceylan i Assam. El resultat \u00e9s un te fort i amb cos.<br \/>\nEARL GREY\u00a0 \u00a0(2,60)<br \/>\nEl m\u00e9s c\u00e8lebre dels tes perfumats, aromatitzat amb oli de bergamota.<\/p>\n<p><strong>TE VERD<\/strong><\/p>\n<p>GUNPOWDER\u00a0 \u00a0(2,60)<br \/>\nTe verd de fulla sencera enrotllat en boletes, el m\u00e9s fam\u00f3s dels tes verds.<br \/>\nMENTA\u00a0 \u00a0(2,60)<br \/>\nCl\u00e0ssic te verd perfumat amb fulles de menta. Excel\u00b7lent despr\u00e9s del menjar.<\/p>\n<p><strong>TE BLANC<\/strong><\/p>\n<p>MANDARINA I CANYELLA \u00a0(2,60)<br \/>\nDelicada combinaci\u00f3 de te blanc\u00a0Pai\u00a0Mu\u00a0Tan de la Xina amb fruites, esp\u00e8cies i aroma natural.<br \/>\nArom\u00e0tic i refrescant, cont\u00e9 les propietats terap\u00e8utiques i antioxidants del te blanc.<\/p>\n<p><strong>TE VERMELL<\/strong><\/p>\n<p>PU-ERH\u00a0 \u00a0(2,60)<br \/>\nTe verd fermentat procedent de la regi\u00f3 xinesa de\u00a0Yunnan, al qual s&#8217;atribueixen moltes qualitats diet\u00e8tiques i terap\u00e8utiques.<\/p>\n<p><strong>TE DE FRUITES<\/strong><\/p>\n<p>FRUITES DEL BOSC \u00a0(2,60)<br \/>\nUna mescla molt arom\u00e0tica i refrescant de fruites vermelles del bosc.<br \/>\nPINYA COLADA \u00a0(2,60)<br \/>\nUna combinaci\u00f3 de pinya dol\u00e7a tropical i coco.<\/p>\n<\/div><div class=\"fusion-clearfix\"><\/div><\/div><\/div><\/div><\/div><div class=\"fusion-fullwidth fullwidth-box fusion-builder-row-3 hundred-percent-fullwidth non-hundred-percent-height-scrolling fusion-equal-height-columns\" style=\"--awb-background-position:left top;--awb-border-sizes-top:2px;--awb-border-sizes-bottom:2px;--awb-border-sizes-left:0px;--awb-border-sizes-right:0px;--awb-border-color:#ffffff;--awb-border-radius-top-left:0px;--awb-border-radius-top-right:0px;--awb-border-radius-bottom-right:0px;--awb-border-radius-bottom-left:0px;--awb-padding-right:0px;--awb-padding-bottom:0px;--awb-padding-left:0px;--awb-background-color:#ffffff;--awb-flex-wrap:wrap;\" ><div class=\"fusion-builder-row fusion-row\"><div class=\"fusion-layout-column fusion_builder_column fusion-builder-column-2 fusion_builder_column_1_1 1_1 fusion-one-full fusion-column-first fusion-column-last\" style=\"--awb-padding-top:9%;--awb-padding-right:9%;--awb-padding-bottom:9%;--awb-padding-left:9%;--awb-bg-color:#c59542;--awb-bg-color-hover:#c59542;--awb-bg-image:url(&#039;http:\/\/www.bembi-barcelona.com\/wp-content\/uploads\/2016\/06\/call_to_action_4.jpg&#039;);--awb-bg-position:center bottom;--awb-bg-size:cover;--awb-margin-bottom:0px;\"><div class=\"fusion-column-wrapper fusion-flex-column-wrapper-legacy fusion-column-has-bg-image\" data-bg-url=\"http:\/\/www.bembi-barcelona.com\/wp-content\/uploads\/2016\/06\/call_to_action_4.jpg\"><div class=\"fusion-column-content-centered\"><div class=\"fusion-column-content\"><div class=\"fusion-text fusion-text-7\"><h2 style=\"text-align: center; margin-bottom: 1px;\">Vine a probar-ho!<\/h2>\n<p style=\"text-align: center; margin-bottom: 40px; font-size: 22px; color: #ffffff; font-weight: 500;\">Exp\u00e8riencia Bemb\u00ec<\/p>\n<\/div><div class=\"fusion-aligncenter\"><a class=\"fusion-button button-flat button-large button-custom fusion-button-default button-1 fusion-button-default-span fusion-button-default-type fusion-animated\" style=\"--button_accent_color:#ffffff;--button_border_color:#ffffff;--button_accent_hover_color:#ffffff;--button_border_hover_color:#ffffff;--button_border_width-top:1px;--button_border_width-right:1px;--button_border_width-bottom:1px;--button_border_width-left:1px;--button_gradient_top_color:transparent;--button_gradient_bottom_color:transparent;--button_gradient_top_color_hover:transparent;--button_gradient_bottom_color_hover:transparent;\" data-animationType=\"fadeInUp\" data-animationDuration=\"1\" data-animationOffset=\"top-into-view\" target=\"_blank\" rel=\"noopener noreferrer\" href=\"https:\/\/www.bembi-barcelona.com\/ca\/reservar\/\"><span class=\"fusion-button-text\">RESERVA ARA<\/span><\/a><\/div><\/div><\/div><div class=\"fusion-clearfix\"><\/div><\/div><\/div><\/div><\/div><\/p>\n","protected":false},"excerpt":{"rendered":"","protected":false},"author":2,"featured_media":0,"parent":3306,"menu_order":0,"comment_status":"closed","ping_status":"closed","template":"100-width.php","meta":[],"yoast_head":"<!-- This site is optimized with the Yoast SEO plugin v20.12 - https:\/\/yoast.com\/wordpress\/plugins\/seo\/ -->\n<title>Postres - Bembi<\/title>\n<meta name=\"robots\" content=\"index, follow, max-snippet:-1, max-image-preview:large, max-video-preview:-1\" \/>\n<link rel=\"canonical\" href=\"https:\/\/www.bembi-barcelona.com\/ca\/la-carta\/postres\/\" \/>\n<meta property=\"og:locale\" content=\"ca_ES\" \/>\n<meta property=\"og:type\" content=\"article\" \/>\n<meta property=\"og:title\" content=\"Postres - Bembi\" \/>\n<meta property=\"og:url\" content=\"https:\/\/www.bembi-barcelona.com\/ca\/la-carta\/postres\/\" \/>\n<meta property=\"og:site_name\" content=\"Bembi\" \/>\n<meta property=\"article:modified_time\" content=\"2024-05-14T10:08:48+00:00\" \/>\n<meta name=\"twitter:card\" content=\"summary_large_image\" \/>\n<meta name=\"twitter:label1\" content=\"Temps estimat de lectura\" \/>\n\t<meta name=\"twitter:data1\" content=\"6 minuts\" \/>\n<script type=\"application\/ld+json\" class=\"yoast-schema-graph\">{\"@context\":\"https:\/\/schema.org\",\"@graph\":[{\"@type\":\"WebPage\",\"@id\":\"https:\/\/www.bembi-barcelona.com\/ca\/la-carta\/postres\/\",\"url\":\"https:\/\/www.bembi-barcelona.com\/ca\/la-carta\/postres\/\",\"name\":\"Postres - Bembi\",\"isPartOf\":{\"@id\":\"https:\/\/www.bembi-barcelona.com\/#website\"},\"datePublished\":\"2023-08-04T19:41:46+00:00\",\"dateModified\":\"2024-05-14T10:08:48+00:00\",\"breadcrumb\":{\"@id\":\"https:\/\/www.bembi-barcelona.com\/ca\/la-carta\/postres\/#breadcrumb\"},\"inLanguage\":\"ca\",\"potentialAction\":[{\"@type\":\"ReadAction\",\"target\":[\"https:\/\/www.bembi-barcelona.com\/ca\/la-carta\/postres\/\"]}]},{\"@type\":\"BreadcrumbList\",\"@id\":\"https:\/\/www.bembi-barcelona.com\/ca\/la-carta\/postres\/#breadcrumb\",\"itemListElement\":[{\"@type\":\"ListItem\",\"position\":1,\"name\":\"Portada\",\"item\":\"https:\/\/www.bembi-barcelona.com\/ca\/\"},{\"@type\":\"ListItem\",\"position\":2,\"name\":\"La Carta\",\"item\":\"https:\/\/www.bembi-barcelona.com\/ca\/la-carta\/\"},{\"@type\":\"ListItem\",\"position\":3,\"name\":\"Postres\"}]},{\"@type\":\"WebSite\",\"@id\":\"https:\/\/www.bembi-barcelona.com\/#website\",\"url\":\"https:\/\/www.bembi-barcelona.com\/\",\"name\":\"Bembi\",\"description\":\"Restaurante de comida India en Barcelona\",\"publisher\":{\"@id\":\"https:\/\/www.bembi-barcelona.com\/#organization\"},\"potentialAction\":[{\"@type\":\"SearchAction\",\"target\":{\"@type\":\"EntryPoint\",\"urlTemplate\":\"https:\/\/www.bembi-barcelona.com\/?s={search_term_string}\"},\"query-input\":\"required name=search_term_string\"}],\"inLanguage\":\"ca\"},{\"@type\":\"Organization\",\"@id\":\"https:\/\/www.bembi-barcelona.com\/#organization\",\"name\":\"Restaurante Bembi\",\"url\":\"https:\/\/www.bembi-barcelona.com\/\",\"logo\":{\"@type\":\"ImageObject\",\"inLanguage\":\"ca\",\"@id\":\"https:\/\/www.bembi-barcelona.com\/#\/schema\/logo\/image\/\",\"url\":\"https:\/\/www.bembi-barcelona.com\/wp-content\/uploads\/2020\/04\/logo_Bembi_2016.jpg\",\"contentUrl\":\"https:\/\/www.bembi-barcelona.com\/wp-content\/uploads\/2020\/04\/logo_Bembi_2016.jpg\",\"width\":1500,\"height\":1012,\"caption\":\"Restaurante Bembi\"},\"image\":{\"@id\":\"https:\/\/www.bembi-barcelona.com\/#\/schema\/logo\/image\/\"}}]}<\/script>\n<!-- \/ Yoast SEO plugin. -->","yoast_head_json":{"title":"Postres - Bembi","robots":{"index":"index","follow":"follow","max-snippet":"max-snippet:-1","max-image-preview":"max-image-preview:large","max-video-preview":"max-video-preview:-1"},"canonical":"https:\/\/www.bembi-barcelona.com\/ca\/la-carta\/postres\/","og_locale":"ca_ES","og_type":"article","og_title":"Postres - Bembi","og_url":"https:\/\/www.bembi-barcelona.com\/ca\/la-carta\/postres\/","og_site_name":"Bembi","article_modified_time":"2024-05-14T10:08:48+00:00","twitter_card":"summary_large_image","twitter_misc":{"Temps estimat de lectura":"6 minuts"},"schema":{"@context":"https:\/\/schema.org","@graph":[{"@type":"WebPage","@id":"https:\/\/www.bembi-barcelona.com\/ca\/la-carta\/postres\/","url":"https:\/\/www.bembi-barcelona.com\/ca\/la-carta\/postres\/","name":"Postres - Bembi","isPartOf":{"@id":"https:\/\/www.bembi-barcelona.com\/#website"},"datePublished":"2023-08-04T19:41:46+00:00","dateModified":"2024-05-14T10:08:48+00:00","breadcrumb":{"@id":"https:\/\/www.bembi-barcelona.com\/ca\/la-carta\/postres\/#breadcrumb"},"inLanguage":"ca","potentialAction":[{"@type":"ReadAction","target":["https:\/\/www.bembi-barcelona.com\/ca\/la-carta\/postres\/"]}]},{"@type":"BreadcrumbList","@id":"https:\/\/www.bembi-barcelona.com\/ca\/la-carta\/postres\/#breadcrumb","itemListElement":[{"@type":"ListItem","position":1,"name":"Portada","item":"https:\/\/www.bembi-barcelona.com\/ca\/"},{"@type":"ListItem","position":2,"name":"La Carta","item":"https:\/\/www.bembi-barcelona.com\/ca\/la-carta\/"},{"@type":"ListItem","position":3,"name":"Postres"}]},{"@type":"WebSite","@id":"https:\/\/www.bembi-barcelona.com\/#website","url":"https:\/\/www.bembi-barcelona.com\/","name":"Bembi","description":"Restaurante de comida India en Barcelona","publisher":{"@id":"https:\/\/www.bembi-barcelona.com\/#organization"},"potentialAction":[{"@type":"SearchAction","target":{"@type":"EntryPoint","urlTemplate":"https:\/\/www.bembi-barcelona.com\/?s={search_term_string}"},"query-input":"required name=search_term_string"}],"inLanguage":"ca"},{"@type":"Organization","@id":"https:\/\/www.bembi-barcelona.com\/#organization","name":"Restaurante Bembi","url":"https:\/\/www.bembi-barcelona.com\/","logo":{"@type":"ImageObject","inLanguage":"ca","@id":"https:\/\/www.bembi-barcelona.com\/#\/schema\/logo\/image\/","url":"https:\/\/www.bembi-barcelona.com\/wp-content\/uploads\/2020\/04\/logo_Bembi_2016.jpg","contentUrl":"https:\/\/www.bembi-barcelona.com\/wp-content\/uploads\/2020\/04\/logo_Bembi_2016.jpg","width":1500,"height":1012,"caption":"Restaurante Bembi"},"image":{"@id":"https:\/\/www.bembi-barcelona.com\/#\/schema\/logo\/image\/"}}]}},"_links":{"self":[{"href":"https:\/\/www.bembi-barcelona.com\/ca\/wp-json\/wp\/v2\/pages\/3471"}],"collection":[{"href":"https:\/\/www.bembi-barcelona.com\/ca\/wp-json\/wp\/v2\/pages"}],"about":[{"href":"https:\/\/www.bembi-barcelona.com\/ca\/wp-json\/wp\/v2\/types\/page"}],"author":[{"embeddable":true,"href":"https:\/\/www.bembi-barcelona.com\/ca\/wp-json\/wp\/v2\/users\/2"}],"replies":[{"embeddable":true,"href":"https:\/\/www.bembi-barcelona.com\/ca\/wp-json\/wp\/v2\/comments?post=3471"}],"version-history":[{"count":2,"href":"https:\/\/www.bembi-barcelona.com\/ca\/wp-json\/wp\/v2\/pages\/3471\/revisions"}],"predecessor-version":[{"id":3473,"href":"https:\/\/www.bembi-barcelona.com\/ca\/wp-json\/wp\/v2\/pages\/3471\/revisions\/3473"}],"up":[{"embeddable":true,"href":"https:\/\/www.bembi-barcelona.com\/ca\/wp-json\/wp\/v2\/pages\/3306"}],"wp:attachment":[{"href":"https:\/\/www.bembi-barcelona.com\/ca\/wp-json\/wp\/v2\/media?parent=3471"}],"curies":[{"name":"wp","href":"https:\/\/api.w.org\/{rel}","templated":true}]}}