{"id":3297,"date":"2023-08-05T13:19:39","date_gmt":"2023-08-05T12:19:39","guid":{"rendered":"https:\/\/www.bembi-barcelona.com\/home-page\/"},"modified":"2024-06-03T11:35:46","modified_gmt":"2024-06-03T10:35:46","slug":"home-page","status":"publish","type":"page","link":"https:\/\/www.bembi-barcelona.com\/ca\/","title":{"rendered":"Restaurant Bembi"},"content":{"rendered":"<p><div class=\"fusion-fullwidth fullwidth-box fusion-builder-row-1 has-pattern-background has-mask-background nonhundred-percent-fullwidth non-hundred-percent-height-scrolling\" style=\"--awb-background-position:left top;--awb-border-sizes-top:0px;--awb-border-sizes-bottom:0px;--awb-border-sizes-left:0px;--awb-border-sizes-right:0px;--awb-border-radius-top-left:0px;--awb-border-radius-top-right:0px;--awb-border-radius-bottom-right:0px;--awb-border-radius-bottom-left:0px;--awb-padding-top:8%;--awb-padding-bottom:8%;--awb-background-color:#000000;--awb-flex-wrap:wrap;\" id=\"contenido\" ><div class=\"fusion-builder-row fusion-row\"><div class=\"fusion-layout-column fusion_builder_column fusion-builder-column-0 fusion_builder_column_1_1 1_1 fusion-one-full fusion-column-first fusion-column-last fusion-column-no-min-height\" style=\"--awb-bg-size:cover;--awb-margin-bottom:0px;\"><div class=\"fusion-column-wrapper fusion-flex-column-wrapper-legacy\"><div class=\"fusion-text fusion-text-1\"><h2 style=\"text-align: center;\">Indian Modern Culinary Experience<\/h2>\n<p style=\"text-align: center; letter-spacing: 4px;\">Benvingut al nostre Restaurant de Cuina India<\/p>\n<p><img decoding=\"async\" class=\"wp-image-1723 size-full aligncenter\" src=\"http:\/\/www.bembi-barcelona.com\/wp-content\/uploads\/2014\/12\/adorno_dorado.png\" alt=\"\" width=\"106\" height=\"30\" \/><\/p>\n<p class=\"p1\" style=\"text-align: center;\">Bemb\u00ec\u00a0neix\u00a0de l&#8217;ambici\u00f3 de connectar\u00a0Barcelona amb l&#8217;\u00cdndia a trav\u00e9s de la gastronomia i ho fa oferint una experi\u00e8ncia culin\u00e0ria d&#8217;alt\u00edssima qualitat.\u00a0Nom\u00e9s trobar\u00e0s aut\u00e8ntiques receptes\u00a0\u00edndies\u00a0servides\u00a0amb una presentaci\u00f3 moderna,\u00a0que et faran\u00a0viatjar a l&#8217;\u00cdndia sense moure&#8217;t de Barcelona.<\/p>\n<\/div><div class=\"fusion-aligncenter\"><a class=\"fusion-button button-flat fusion-button-default-size button-default fusion-button-default button-1 fusion-button-default-span fusion-button-default-type\" target=\"_self\" href=\"https:\/\/www.bembi-barcelona.com\/ca\/experiencia-bembi\/\"><span class=\"fusion-button-text\">VIU L&#8217;EXPERI\u00c8NCIA BEMB\u00cc<\/span><\/a><\/div><div class=\"fusion-clearfix\"><\/div><\/div><\/div><\/div><\/div><div class=\"fusion-fullwidth fullwidth-box fusion-builder-row-2 hundred-percent-fullwidth non-hundred-percent-height-scrolling fusion-equal-height-columns\" style=\"--awb-background-position:left top;--awb-border-sizes-top:0px;--awb-border-sizes-bottom:0px;--awb-border-sizes-left:0px;--awb-border-sizes-right:0px;--awb-border-radius-top-left:0px;--awb-border-radius-top-right:0px;--awb-border-radius-bottom-right:0px;--awb-border-radius-bottom-left:0px;--awb-padding-top:40px;--awb-padding-right:9%;--awb-padding-bottom:30px;--awb-padding-left:9%;--awb-background-color:#c59542;--awb-flex-wrap:wrap;\" ><div class=\"fusion-builder-row fusion-row\"><div class=\"fusion-layout-column fusion_builder_column fusion-builder-column-1 fusion_builder_column_1_3 1_3 fusion-one-third fusion-column-first\" style=\"--awb-padding-top:9%;--awb-padding-right:9%;--awb-padding-bottom:9%;--awb-padding-left:9%;--awb-bg-size:cover;width:30.6666%; margin-right: 4%;\"><div class=\"fusion-column-wrapper fusion-flex-column-wrapper-legacy\"><div class=\"fusion-image-element in-legacy-container\" style=\"--awb-caption-title-font-family:var(--h2_typography-font-family);--awb-caption-title-font-weight:var(--h2_typography-font-weight);--awb-caption-title-font-style:var(--h2_typography-font-style);--awb-caption-title-size:var(--h2_typography-font-size);--awb-caption-title-transform:var(--h2_typography-text-transform);--awb-caption-title-line-height:var(--h2_typography-line-height);--awb-caption-title-letter-spacing:var(--h2_typography-letter-spacing);\"><span class=\" fusion-imageframe imageframe-none imageframe-1 hover-type-none\" style=\"border-radius:50%;\"><a class=\"fusion-no-lightbox\" href=\"\/vale-regalo\" target=\"_self\"><img decoding=\"async\" src=\"http:\/\/www.bembi-barcelona.com\/wp-content\/uploads\/2014\/12\/vale_regalo_bembi_destacado_1.jpg\" alt class=\"img-responsive\"\/><\/a><\/span><\/div><div class=\"fusion-title title fusion-title-1 fusion-sep-none fusion-title-center fusion-title-text fusion-title-size-three\" style=\"--awb-margin-top:20px;\"><h3 class=\"fusion-title-heading title-heading-center fusion-responsive-typography-calculated\" style=\"margin:0;--fontSize:32;line-height:1.31;\"><span style=\"color: #ffffff;\">Regala un sopar per a dos<\/span><\/h3><\/div><div class=\"fusion-clearfix\"><\/div><\/div><\/div><div class=\"fusion-layout-column fusion_builder_column fusion-builder-column-2 fusion_builder_column_1_3 1_3 fusion-one-third circular\" style=\"--awb-padding-top:9%;--awb-padding-right:9%;--awb-padding-bottom:9%;--awb-padding-left:9%;--awb-bg-size:cover;width:30.6666%; margin-right: 4%;\"><div class=\"fusion-column-wrapper fusion-flex-column-wrapper-legacy\"><div class=\"fusion-column-content-centered\"><div class=\"fusion-column-content\"><div class=\"fusion-image-element in-legacy-container\" style=\"--awb-caption-title-font-family:var(--h2_typography-font-family);--awb-caption-title-font-weight:var(--h2_typography-font-weight);--awb-caption-title-font-style:var(--h2_typography-font-style);--awb-caption-title-size:var(--h2_typography-font-size);--awb-caption-title-transform:var(--h2_typography-text-transform);--awb-caption-title-line-height:var(--h2_typography-line-height);--awb-caption-title-letter-spacing:var(--h2_typography-letter-spacing);\"><span class=\" fusion-imageframe imageframe-none imageframe-2 hover-type-none hometres\" style=\"border-radius:50%;\"><a class=\"fusion-no-lightbox\" href=\"https:\/\/www.bembi-barcelona.com\/ca\/la-carta\/\" target=\"_self\"><img decoding=\"async\" src=\"http:\/\/www.bembi-barcelona.com\/wp-content\/uploads\/2014\/12\/Bombay-Aloo_destacado.jpg\" alt class=\"img-responsive\"\/><\/a><\/span><\/div><div class=\"fusion-title title fusion-title-2 fusion-sep-none fusion-title-center fusion-title-text fusion-title-size-three\" style=\"--awb-margin-top:20px;\"><h3 class=\"fusion-title-heading title-heading-center fusion-responsive-typography-calculated\" style=\"margin:0;--fontSize:32;line-height:1.31;\"><span style=\"color: #ffffff;\">Curioseja la nostra carta<\/span><\/h3><\/div><\/div><\/div><div class=\"fusion-clearfix\"><\/div><\/div><\/div><div class=\"fusion-layout-column fusion_builder_column fusion-builder-column-3 fusion_builder_column_1_3 1_3 fusion-one-third fusion-column-last\" style=\"--awb-padding-top:9%;--awb-padding-right:9%;--awb-padding-bottom:9%;--awb-padding-left:9%;--awb-bg-size:cover;width:30.6666%;\"><div class=\"fusion-column-wrapper fusion-flex-column-wrapper-legacy\"><div class=\"fusion-image-element in-legacy-container\" style=\"--awb-caption-title-font-family:var(--h2_typography-font-family);--awb-caption-title-font-weight:var(--h2_typography-font-weight);--awb-caption-title-font-style:var(--h2_typography-font-style);--awb-caption-title-size:var(--h2_typography-font-size);--awb-caption-title-transform:var(--h2_typography-text-transform);--awb-caption-title-line-height:var(--h2_typography-line-height);--awb-caption-title-letter-spacing:var(--h2_typography-letter-spacing);\"><span class=\" fusion-imageframe imageframe-none imageframe-3 hover-type-none\" style=\"border-radius:50%;\"><a class=\"fusion-no-lightbox\" href=\"https:\/\/www.bembi-barcelona.com\/ca\/llibre_cuina_india_per_a_occidentals\/\" target=\"_self\"><img decoding=\"async\" src=\"http:\/\/www.bembi-barcelona.com\/wp-content\/uploads\/2014\/12\/Tandori-chicken_chef_destacado.jpg\" alt class=\"img-responsive\"\/><\/a><\/span><\/div><div class=\"fusion-title title fusion-title-3 fusion-sep-none fusion-title-center fusion-title-text fusion-title-size-three\" style=\"--awb-margin-top:20px;\"><h3 class=\"fusion-title-heading title-heading-center fusion-responsive-typography-calculated\" style=\"margin:0;--fontSize:32;line-height:1.31;\"><span style=\"color: #ffffff;\">El llibre del nostre Chef<\/span><\/h3><\/div><div class=\"fusion-clearfix\"><\/div><\/div><\/div><\/div><\/div><div class=\"fusion-fullwidth fullwidth-box fusion-builder-row-3 hundred-percent-fullwidth non-hundred-percent-height-scrolling fusion-equal-height-columns\" style=\"--awb-background-position:left top;--awb-border-sizes-top:0px;--awb-border-sizes-bottom:0px;--awb-border-sizes-left:0px;--awb-border-sizes-right:0px;--awb-border-radius-top-left:0px;--awb-border-radius-top-right:0px;--awb-border-radius-bottom-right:0px;--awb-border-radius-bottom-left:0px;--awb-padding-top:0px;--awb-padding-right:0px;--awb-padding-bottom:0px;--awb-padding-left:0px;--awb-background-color:#ffffff;--awb-flex-wrap:wrap;\" ><div class=\"fusion-builder-row fusion-row\"><div class=\"fusion-layout-column fusion_builder_column fusion-builder-column-4 fusion_builder_column_1_2 1_2 fusion-one-half fusion-column-first negro\" style=\"--awb-padding-top:9%;--awb-padding-right:9%;--awb-padding-bottom:9%;--awb-padding-left:9%;--awb-bg-color:#ffffff;--awb-bg-color-hover:#ffffff;--awb-bg-repeat:repeat;--awb-margin-bottom:0px;\"><div class=\"fusion-column-wrapper fusion-flex-column-wrapper-legacy\"><div class=\"fusion-column-content-centered\"><div class=\"fusion-column-content\"><div class=\"fusion-text fusion-text-2\"><h2 class=\"titlesmenus\" style=\"text-align: center;\">Sabors i Aromes<\/h2>\n<p><img decoding=\"async\" class=\"wp-image-1723 size-full aligncenter\" src=\"http:\/\/www.bembi-barcelona.com\/wp-content\/uploads\/2014\/12\/adorno_dorado.png\" alt=\"\" width=\"106\" height=\"30\" \/><\/p>\n<p class=\"p1\" style=\"text-align: center;\">Les receptes que preparem s\u00f3n aut\u00e8ntiques i provenen de totes les diferents regions de l&#8217;\u00cdndia. El xef\u00a0Anand\u00a0Singh\u00a0Negi\u00a0els afegeix una presentaci\u00f3 moderna i cuidada, que converteix a\u00a0Bemb\u00ec\u00a0en el restaurant ideal per a ocasions rom\u00e0ntiques, de negocis i celebracions.<\/p>\n<\/div><div class=\"fusion-aligncenter\"><a class=\"fusion-button button-flat button-large button-custom fusion-button-default button-2 fusion-button-span-no fusion-button-default-type\" style=\"--button_accent_color:#b88534;--button_border_color:#b88534;--button_accent_hover_color:#b88534;--button_border_hover_color:#b88534;--button_border_width-top:1px;--button_border_width-right:1px;--button_border_width-bottom:1px;--button_border_width-left:1px;--button_gradient_top_color:transparent;--button_gradient_bottom_color:transparent;--button_gradient_top_color_hover:transparent;--button_gradient_bottom_color_hover:transparent;\" target=\"_self\" href=\"https:\/\/www.bembi-barcelona.com\/ca\/la-carta\/\"><span class=\"fusion-button-text\">LA NOSTRA CARTA<\/span><\/a><\/div><\/div><\/div><div class=\"fusion-clearfix\"><\/div><\/div><\/div><div class=\"fusion-layout-column fusion_builder_column fusion-builder-column-5 fusion_builder_column_1_2 1_2 fusion-one-half fusion-column-last\" style=\"--awb-padding-top:150px;--awb-padding-right:150px;--awb-padding-bottom:150px;--awb-padding-left:150px;--awb-bg-image:url(&#039;http:\/\/www.bembi-barcelona.com\/wp-content\/uploads\/2014\/12\/Banana-leaf_web.jpg&#039;);--awb-bg-position:center center;--awb-bg-size:cover;--awb-margin-bottom:0px;\"><div class=\"fusion-column-wrapper fusion-flex-column-wrapper-legacy fusion-empty-column-bg-image fusion-column-has-bg-image\" data-bg-url=\"http:\/\/www.bembi-barcelona.com\/wp-content\/uploads\/2014\/12\/Banana-leaf_web.jpg\"><img class=\"fusion-empty-dims-img-placeholder fusion-no-large-visibility\" src=\"data:image\/gif;base64,R0lGODlhAQABAAAAACH5BAEKAAEALAAAAAABAAEAAAICTAEAOw==\"><div class=\"fusion-clearfix\"><\/div><\/div><\/div><\/div><\/div><div class=\"fusion-fullwidth fullwidth-box fusion-builder-row-4 hundred-percent-fullwidth non-hundred-percent-height-scrolling fusion-equal-height-columns\" style=\"--awb-background-position:left top;--awb-border-sizes-top:0px;--awb-border-sizes-bottom:0px;--awb-border-sizes-left:0px;--awb-border-sizes-right:0px;--awb-border-radius-top-left:0px;--awb-border-radius-top-right:0px;--awb-border-radius-bottom-right:0px;--awb-border-radius-bottom-left:0px;--awb-padding-top:0px;--awb-padding-right:0px;--awb-padding-bottom:0px;--awb-padding-left:0px;--awb-flex-wrap:wrap;\" ><div class=\"fusion-builder-row fusion-row\"><div class=\"fusion-layout-column fusion_builder_column fusion-builder-column-6 fusion_builder_column_1_2 1_2 fusion-one-half fusion-column-first\" style=\"--awb-padding-top:150px;--awb-padding-right:150px;--awb-padding-bottom:150px;--awb-padding-left:150px;--awb-bg-image:url(&#039;http:\/\/www.bembi-barcelona.com\/wp-content\/uploads\/2014\/12\/Garbanzos_web.jpg&#039;);--awb-bg-position:center center;--awb-bg-size:cover;--awb-margin-bottom:0px;\"><div class=\"fusion-column-wrapper fusion-flex-column-wrapper-legacy fusion-empty-column-bg-image fusion-column-has-bg-image\" data-bg-url=\"http:\/\/www.bembi-barcelona.com\/wp-content\/uploads\/2014\/12\/Garbanzos_web.jpg\"><img class=\"fusion-empty-dims-img-placeholder fusion-no-large-visibility\" src=\"data:image\/gif;base64,R0lGODlhAQABAAAAACH5BAEKAAEALAAAAAABAAEAAAICTAEAOw==\"><div class=\"fusion-clearfix\"><\/div><\/div><\/div><div class=\"fusion-layout-column fusion_builder_column fusion-builder-column-7 fusion_builder_column_1_2 1_2 fusion-one-half fusion-column-last\" style=\"--awb-padding-top:9%;--awb-padding-right:9%;--awb-padding-bottom:9%;--awb-padding-left:9%;--awb-bg-color:#c59542;--awb-bg-color-hover:#c59542;--awb-bg-repeat:repeat;--awb-margin-bottom:0px;\"><div class=\"fusion-column-wrapper fusion-flex-column-wrapper-legacy\"><div class=\"fusion-column-content-centered\"><div class=\"fusion-column-content\"><div class=\"fusion-text fusion-text-3\"><h2 style=\"text-align: center;\">Talent i Professionalitat<\/h2>\n<p><a href=\"http:\/\/www.bembi-barcelona.com\/wp-content\/uploads\/2016\/06\/adorno_blanco.png\"><img decoding=\"async\" class=\"aligncenter wp-image-1862 size-full\" src=\"http:\/\/www.bembi-barcelona.com\/wp-content\/uploads\/2016\/06\/adorno_blanco.png\" alt=\"\" width=\"106\" height=\"30\" \/><\/a><\/p>\n<p style=\"text-align: center;\">\u00c9s el nostre equip de professionals que ens fa \u00fanics. Tant els socis com els empleats en rols clau, tots estan formats en escoles d&#8217;hostaleria, s\u00f3n multidisciplin\u00e0ries i tenen experi\u00e8ncia internacional.<\/p>\n<\/div><div class=\"fusion-aligncenter\"><a class=\"fusion-button button-flat button-large button-custom fusion-button-default button-3 fusion-button-span-no fusion-button-default-type\" style=\"--button_accent_color:#ffffff;--button_border_color:#ffffff;--button_accent_hover_color:#ffffff;--button_border_hover_color:#ffffff;--button_border_width-top:1px;--button_border_width-right:1px;--button_border_width-bottom:1px;--button_border_width-left:1px;--button_gradient_top_color:transparent;--button_gradient_bottom_color:transparent;--button_gradient_top_color_hover:transparent;--button_gradient_bottom_color_hover:transparent;\" target=\"_self\" href=\"https:\/\/www.bembi-barcelona.com\/ca\/l-equip\/\"><span class=\"fusion-button-text\">CONEIX-NOS DE PROP<\/span><\/a><\/div><\/div><\/div><div class=\"fusion-clearfix\"><\/div><\/div><\/div><\/div><\/div><\/p>\n","protected":false},"excerpt":{"rendered":"","protected":false},"author":2,"featured_media":0,"parent":0,"menu_order":0,"comment_status":"closed","ping_status":"closed","template":"100-width.php","meta":[],"yoast_head":"<!-- This site is optimized with the Yoast SEO plugin v20.12 - https:\/\/yoast.com\/wordpress\/plugins\/seo\/ -->\n<title>Restaurante Indio Barcelona | Bembi Barcelona<\/title>\n<meta name=\"description\" content=\"Aut\u00e9nticos platos de cocina india preparados con pasi\u00f3n y modernidad, ofreciendo un estilo propio. Una experiencia culinaria \u00fanica en Barcelona\" \/>\n<meta name=\"robots\" content=\"index, follow, max-snippet:-1, max-image-preview:large, max-video-preview:-1\" \/>\n<link rel=\"canonical\" href=\"https:\/\/www.bembi-barcelona.com\/ca\/\" \/>\n<meta property=\"og:locale\" content=\"ca_ES\" \/>\n<meta property=\"og:type\" content=\"article\" \/>\n<meta property=\"og:title\" content=\"Restaurante Indio Barcelona | Bembi Barcelona\" \/>\n<meta property=\"og:description\" content=\"Aut\u00e9nticos platos de cocina india preparados con pasi\u00f3n y modernidad, ofreciendo un estilo propio. Una experiencia culinaria \u00fanica en Barcelona\" \/>\n<meta property=\"og:url\" content=\"https:\/\/www.bembi-barcelona.com\/ca\/\" \/>\n<meta property=\"og:site_name\" content=\"Bembi\" \/>\n<meta property=\"article:modified_time\" content=\"2024-06-03T10:35:46+00:00\" \/>\n<meta property=\"og:image\" content=\"http:\/\/www.bembi-barcelona.com\/wp-content\/uploads\/2014\/12\/adorno_dorado.png\" \/>\n<meta name=\"twitter:card\" content=\"summary_large_image\" \/>\n<meta name=\"twitter:label1\" content=\"Temps estimat de lectura\" \/>\n\t<meta name=\"twitter:data1\" content=\"9 minuts\" \/>\n<script type=\"application\/ld+json\" class=\"yoast-schema-graph\">{\"@context\":\"https:\/\/schema.org\",\"@graph\":[{\"@type\":\"WebPage\",\"@id\":\"https:\/\/www.bembi-barcelona.com\/ca\/\",\"url\":\"https:\/\/www.bembi-barcelona.com\/ca\/\",\"name\":\"Restaurante Indio Barcelona | Bembi Barcelona\",\"isPartOf\":{\"@id\":\"https:\/\/www.bembi-barcelona.com\/#website\"},\"datePublished\":\"2023-08-05T12:19:39+00:00\",\"dateModified\":\"2024-06-03T10:35:46+00:00\",\"description\":\"Aut\u00e9nticos platos de cocina india preparados con pasi\u00f3n y modernidad, ofreciendo un estilo propio. Una experiencia culinaria \u00fanica en Barcelona\",\"breadcrumb\":{\"@id\":\"https:\/\/www.bembi-barcelona.com\/ca\/#breadcrumb\"},\"inLanguage\":\"ca\",\"potentialAction\":[{\"@type\":\"ReadAction\",\"target\":[\"https:\/\/www.bembi-barcelona.com\/ca\/\"]}]},{\"@type\":\"BreadcrumbList\",\"@id\":\"https:\/\/www.bembi-barcelona.com\/ca\/#breadcrumb\",\"itemListElement\":[{\"@type\":\"ListItem\",\"position\":1,\"name\":\"Portada\",\"item\":\"https:\/\/www.bembi-barcelona.com\/ca\/\"},{\"@type\":\"ListItem\",\"position\":2,\"name\":\"Restaurant Bembi\"}]},{\"@type\":\"WebSite\",\"@id\":\"https:\/\/www.bembi-barcelona.com\/#website\",\"url\":\"https:\/\/www.bembi-barcelona.com\/\",\"name\":\"Bembi\",\"description\":\"Restaurante de comida India en Barcelona\",\"publisher\":{\"@id\":\"https:\/\/www.bembi-barcelona.com\/#organization\"},\"potentialAction\":[{\"@type\":\"SearchAction\",\"target\":{\"@type\":\"EntryPoint\",\"urlTemplate\":\"https:\/\/www.bembi-barcelona.com\/?s={search_term_string}\"},\"query-input\":\"required name=search_term_string\"}],\"inLanguage\":\"ca\"},{\"@type\":\"Organization\",\"@id\":\"https:\/\/www.bembi-barcelona.com\/#organization\",\"name\":\"Restaurante Bembi\",\"url\":\"https:\/\/www.bembi-barcelona.com\/\",\"logo\":{\"@type\":\"ImageObject\",\"inLanguage\":\"ca\",\"@id\":\"https:\/\/www.bembi-barcelona.com\/#\/schema\/logo\/image\/\",\"url\":\"https:\/\/www.bembi-barcelona.com\/wp-content\/uploads\/2020\/04\/logo_Bembi_2016.jpg\",\"contentUrl\":\"https:\/\/www.bembi-barcelona.com\/wp-content\/uploads\/2020\/04\/logo_Bembi_2016.jpg\",\"width\":1500,\"height\":1012,\"caption\":\"Restaurante Bembi\"},\"image\":{\"@id\":\"https:\/\/www.bembi-barcelona.com\/#\/schema\/logo\/image\/\"}}]}<\/script>\n<!-- \/ Yoast SEO plugin. -->","yoast_head_json":{"title":"Restaurante Indio Barcelona | Bembi Barcelona","description":"Aut\u00e9nticos platos de cocina india preparados con pasi\u00f3n y modernidad, ofreciendo un estilo propio. Una experiencia culinaria \u00fanica en Barcelona","robots":{"index":"index","follow":"follow","max-snippet":"max-snippet:-1","max-image-preview":"max-image-preview:large","max-video-preview":"max-video-preview:-1"},"canonical":"https:\/\/www.bembi-barcelona.com\/ca\/","og_locale":"ca_ES","og_type":"article","og_title":"Restaurante Indio Barcelona | Bembi Barcelona","og_description":"Aut\u00e9nticos platos de cocina india preparados con pasi\u00f3n y modernidad, ofreciendo un estilo propio. Una experiencia culinaria \u00fanica en Barcelona","og_url":"https:\/\/www.bembi-barcelona.com\/ca\/","og_site_name":"Bembi","article_modified_time":"2024-06-03T10:35:46+00:00","og_image":[{"url":"http:\/\/www.bembi-barcelona.com\/wp-content\/uploads\/2014\/12\/adorno_dorado.png"}],"twitter_card":"summary_large_image","twitter_misc":{"Temps estimat de lectura":"9 minuts"},"schema":{"@context":"https:\/\/schema.org","@graph":[{"@type":"WebPage","@id":"https:\/\/www.bembi-barcelona.com\/ca\/","url":"https:\/\/www.bembi-barcelona.com\/ca\/","name":"Restaurante Indio Barcelona | Bembi Barcelona","isPartOf":{"@id":"https:\/\/www.bembi-barcelona.com\/#website"},"datePublished":"2023-08-05T12:19:39+00:00","dateModified":"2024-06-03T10:35:46+00:00","description":"Aut\u00e9nticos platos de cocina india preparados con pasi\u00f3n y modernidad, ofreciendo un estilo propio. Una experiencia culinaria \u00fanica en Barcelona","breadcrumb":{"@id":"https:\/\/www.bembi-barcelona.com\/ca\/#breadcrumb"},"inLanguage":"ca","potentialAction":[{"@type":"ReadAction","target":["https:\/\/www.bembi-barcelona.com\/ca\/"]}]},{"@type":"BreadcrumbList","@id":"https:\/\/www.bembi-barcelona.com\/ca\/#breadcrumb","itemListElement":[{"@type":"ListItem","position":1,"name":"Portada","item":"https:\/\/www.bembi-barcelona.com\/ca\/"},{"@type":"ListItem","position":2,"name":"Restaurant Bembi"}]},{"@type":"WebSite","@id":"https:\/\/www.bembi-barcelona.com\/#website","url":"https:\/\/www.bembi-barcelona.com\/","name":"Bembi","description":"Restaurante de comida India en Barcelona","publisher":{"@id":"https:\/\/www.bembi-barcelona.com\/#organization"},"potentialAction":[{"@type":"SearchAction","target":{"@type":"EntryPoint","urlTemplate":"https:\/\/www.bembi-barcelona.com\/?s={search_term_string}"},"query-input":"required name=search_term_string"}],"inLanguage":"ca"},{"@type":"Organization","@id":"https:\/\/www.bembi-barcelona.com\/#organization","name":"Restaurante Bembi","url":"https:\/\/www.bembi-barcelona.com\/","logo":{"@type":"ImageObject","inLanguage":"ca","@id":"https:\/\/www.bembi-barcelona.com\/#\/schema\/logo\/image\/","url":"https:\/\/www.bembi-barcelona.com\/wp-content\/uploads\/2020\/04\/logo_Bembi_2016.jpg","contentUrl":"https:\/\/www.bembi-barcelona.com\/wp-content\/uploads\/2020\/04\/logo_Bembi_2016.jpg","width":1500,"height":1012,"caption":"Restaurante Bembi"},"image":{"@id":"https:\/\/www.bembi-barcelona.com\/#\/schema\/logo\/image\/"}}]}},"_links":{"self":[{"href":"https:\/\/www.bembi-barcelona.com\/ca\/wp-json\/wp\/v2\/pages\/3297"}],"collection":[{"href":"https:\/\/www.bembi-barcelona.com\/ca\/wp-json\/wp\/v2\/pages"}],"about":[{"href":"https:\/\/www.bembi-barcelona.com\/ca\/wp-json\/wp\/v2\/types\/page"}],"author":[{"embeddable":true,"href":"https:\/\/www.bembi-barcelona.com\/ca\/wp-json\/wp\/v2\/users\/2"}],"replies":[{"embeddable":true,"href":"https:\/\/www.bembi-barcelona.com\/ca\/wp-json\/wp\/v2\/comments?post=3297"}],"version-history":[{"count":4,"href":"https:\/\/www.bembi-barcelona.com\/ca\/wp-json\/wp\/v2\/pages\/3297\/revisions"}],"predecessor-version":[{"id":3310,"href":"https:\/\/www.bembi-barcelona.com\/ca\/wp-json\/wp\/v2\/pages\/3297\/revisions\/3310"}],"wp:attachment":[{"href":"https:\/\/www.bembi-barcelona.com\/ca\/wp-json\/wp\/v2\/media?parent=3297"}],"curies":[{"name":"wp","href":"https:\/\/api.w.org\/{rel}","templated":true}]}}